{"id":2239,"date":"2026-02-18T22:31:48","date_gmt":"2026-02-18T22:31:48","guid":{"rendered":"https:\/\/adcore.com.co\/recuperacioncartera\/?page_id=2239"},"modified":"2026-03-30T16:44:24","modified_gmt":"2026-03-30T16:44:24","slug":"red-de-recaudo-como-realizar-el-pago","status":"publish","type":"page","link":"https:\/\/adcore.com.co\/recuperacioncartera\/red-de-recaudo-como-realizar-el-pago\/","title":{"rendered":"Red de Recaudo y Como Realizar El Pago"},"content":{"rendered":"\t\t<div data-elementor-type=\"wp-page\" data-elementor-id=\"2239\" class=\"elementor elementor-2239\">\n\t\t\t\t<div class=\"elementor-element elementor-element-3e6c35a e-flex e-con-boxed e-con e-parent\" data-id=\"3e6c35a\" data-element_type=\"container\" data-e-type=\"container\" data-settings=\"{&quot;background_background&quot;:&quot;classic&quot;}\">\n\t\t\t\t\t<div class=\"e-con-inner\">\n\t\t\t\t<div class=\"elementor-element elementor-element-5e140c1 elementor-widget elementor-widget-heading\" data-id=\"5e140c1\" data-element_type=\"widget\" data-e-type=\"widget\" data-widget_type=\"heading.default\">\n\t\t\t\t\t<h2 class=\"elementor-heading-title elementor-size-default\">Red de Recaudo y Como Realizar El Pago<\/h2>\t\t\t\t<\/div>\n\t\t\t\t\t<\/div>\n\t\t\t\t<\/div>\n\t\t<div class=\"elementor-element elementor-element-1d751de e-flex e-con-boxed e-con e-parent\" data-id=\"1d751de\" data-element_type=\"container\" data-e-type=\"container\">\n\t\t\t\t\t<div class=\"e-con-inner\">\n\t\t<div class=\"elementor-element elementor-element-9ba4dd5 e-con-full e-flex e-con e-child\" data-id=\"9ba4dd5\" data-element_type=\"container\" data-e-type=\"container\">\n\t\t<div class=\"elementor-element elementor-element-7f12749 e-con-full e-flex e-con e-child\" data-id=\"7f12749\" data-element_type=\"container\" data-e-type=\"container\">\n\t\t\t\t<div class=\"elementor-element elementor-element-2181f78 elementor-widget elementor-widget-image\" data-id=\"2181f78\" data-element_type=\"widget\" data-e-type=\"widget\" data-widget_type=\"image.default\">\n\t\t\t\t\t\t\t\t\t\t\t\t\t\t\t\t<a href=\"https:\/\/www.davivienda.com\/wps\/portal\/personas\/nuevo#iframe\" target=\"_blank\">\n\t\t\t\t\t\t\t<img decoding=\"async\" src=\"https:\/\/adcore.com.co\/recuperacioncartera\/wp-content\/uploads\/elementor\/thumbs\/boton-asesor-davivienda-rjcv1q9m4n6luj50omz8zqdewp4tmwe8034qegb6km.png\" title=\"boton-asesor-davivienda\" alt=\"boton-asesor-davivienda\" loading=\"lazy\" \/>\t\t\t\t\t\t\t\t<\/a>\n\t\t\t\t\t\t\t\t\t\t\t\t\t\t\t<\/div>\n\t\t\t\t<\/div>\n\t\t<div class=\"elementor-element elementor-element-5b4e061 e-con-full e-flex e-con e-child\" data-id=\"5b4e061\" data-element_type=\"container\" data-e-type=\"container\">\n\t\t\t\t<div class=\"elementor-element elementor-element-1185f35 elementor-widget elementor-widget-text-editor\" data-id=\"1185f35\" data-element_type=\"widget\" data-e-type=\"widget\" data-widget_type=\"text-editor.default\">\n\t\t\t\t\t\t\t\t\t<h4 class=\"visible-first visible\"><strong>\u00a0Banco Davivienda<\/strong><\/h4>\t\t\t\t\t\t\t\t<\/div>\n\t\t\t\t<div class=\"elementor-element elementor-element-f4c389e elementor-widget elementor-widget-text-editor\" data-id=\"f4c389e\" data-element_type=\"widget\" data-e-type=\"widget\" data-widget_type=\"text-editor.default\">\n\t\t\t\t\t\t\t\t\t<p>Cuenta de ahorros del Banco Davivienda N\u00b0 108900055279.<\/p><p>A nombre de ADCORE S.A.S NIT. 900966455-8.<\/p><p>Mediante Comprobante de Pago Universal.<\/p><p>Indicando en el Campo Referencia 1 el N\u00famero de identificaci\u00f3n del Titular.<\/p><p>El soporte de la consignaci\u00f3n debe ser enviado al correo:<br \/><a href=\"mailto:servicioalcliente@adcore.com.co\">servicioalcliente@adcore.com.co<\/a><\/p><p>\u2013\u00a0<a href=\"https:\/\/www.davivienda.com\/wps\/portal\/personas\/nuevo#iframe\" target=\"_blank\" rel=\"noopener noreferrer\" data-wplink-edit=\"true\">Ver Sucursales<\/a><\/p>\t\t\t\t\t\t\t\t<\/div>\n\t\t\t\t<\/div>\n\t\t<div class=\"elementor-element elementor-element-179e12d e-con-full e-flex e-con e-child\" data-id=\"179e12d\" data-element_type=\"container\" data-e-type=\"container\">\n\t\t\t\t<div class=\"elementor-element elementor-element-11e2d5b elementor-widget elementor-widget-image\" data-id=\"11e2d5b\" data-element_type=\"widget\" data-e-type=\"widget\" data-widget_type=\"image.default\">\n\t\t\t\t\t\t\t\t\t\t\t\t\t\t\t\t<a href=\"https:\/\/www.bancodebogota.com\/atencion-al-cliente\/canales\/canales-de-atencion-presencial\/oficinas\/oficina-tradicional\" target=\"_blank\">\n\t\t\t\t\t\t\t<img decoding=\"async\" src=\"https:\/\/adcore.com.co\/recuperacioncartera\/wp-content\/uploads\/elementor\/thumbs\/boton-asesor-banco-de-bogota-rjcv4adsqeopgbf7qqsos34l4gisl8jx0r2bfkilmu.png\" title=\"boton-asesor-banco-de-bogota\" alt=\"Banco de Bogota\" loading=\"lazy\" \/>\t\t\t\t\t\t\t\t<\/a>\n\t\t\t\t\t\t\t\t\t\t\t\t\t\t\t<\/div>\n\t\t\t\t<\/div>\n\t\t<div class=\"elementor-element elementor-element-b2843cd e-con-full e-flex e-con e-child\" data-id=\"b2843cd\" data-element_type=\"container\" data-e-type=\"container\">\n\t\t\t\t<div class=\"elementor-element elementor-element-36f1102 elementor-widget elementor-widget-text-editor\" data-id=\"36f1102\" data-element_type=\"widget\" data-e-type=\"widget\" data-widget_type=\"text-editor.default\">\n\t\t\t\t\t\t\t\t\t<h4 class=\"visible-first visible\"><strong>\u00a0Banco de Bogot\u00e1\u00a0<\/strong><\/h4>\t\t\t\t\t\t\t\t<\/div>\n\t\t\t\t<div class=\"elementor-element elementor-element-466b7f7 elementor-widget elementor-widget-text-editor\" data-id=\"466b7f7\" data-element_type=\"widget\" data-e-type=\"widget\" data-widget_type=\"text-editor.default\">\n\t\t\t\t\t\t\t\t\t<ul><li class=\"firstItem\">Cuenta corriente del Banco de Bogot\u00e1 N\u00b0 205414873.<\/li><li>A nombre de ADCORE S.A.S NIT. 900966455-8.<\/li><li>Mediante Comprobante de Pago Universal.<\/li><li>Indicando en el Campo Referencia 1 el N\u00famero de identificaci\u00f3n del Titular.<\/li><li>El soporte de la consignaci\u00f3n debe ser enviado al correo:<br \/><a href=\"mailto:servicioalcliente@adcore.com.co\">servicioalcliente@adcore.com.co<\/a><\/li><\/ul><p>\u2013\u00a0<a href=\"https:\/\/www.bancodebogota.com\/atencion-al-cliente\/canales\/canales-de-atencion-presencial\/oficinas\/oficina-tradicional\" target=\"_blank\" rel=\"noopener noreferrer\" data-wplink-edit=\"true\">Ver Sucursales<\/a><\/p>\t\t\t\t\t\t\t\t<\/div>\n\t\t\t\t<\/div>\n\t\t\t\t<\/div>\n\t\t<div class=\"elementor-element elementor-element-c5ff892 e-con-full e-flex e-con e-child\" data-id=\"c5ff892\" data-element_type=\"container\" data-e-type=\"container\">\n\t\t<div class=\"elementor-element elementor-element-5758b12 e-con-full e-flex e-con e-child\" data-id=\"5758b12\" data-element_type=\"container\" data-e-type=\"container\">\n\t\t\t\t<div class=\"elementor-element elementor-element-31af7d4 elementor-widget elementor-widget-image\" data-id=\"31af7d4\" data-element_type=\"widget\" data-e-type=\"widget\" data-widget_type=\"image.default\">\n\t\t\t\t\t\t\t\t\t\t\t\t\t\t\t\t<a href=\"https:\/\/www.bbva.com.co\/personas\/oficinas.html\">\n\t\t\t\t\t\t\t<img decoding=\"async\" src=\"https:\/\/adcore.com.co\/recuperacioncartera\/wp-content\/uploads\/elementor\/thumbs\/boton-asesor-bbva-rjcv7ah8kcsojh277jis8tulfrq06fh1rm35me2bra.png\" title=\"boton-asesor-bbva\" alt=\"boton-asesor-bbva\" loading=\"lazy\" \/>\t\t\t\t\t\t\t\t<\/a>\n\t\t\t\t\t\t\t\t\t\t\t\t\t\t\t<\/div>\n\t\t\t\t<\/div>\n\t\t<div class=\"elementor-element elementor-element-7ae098c e-con-full e-flex e-con e-child\" data-id=\"7ae098c\" data-element_type=\"container\" data-e-type=\"container\">\n\t\t\t\t<div class=\"elementor-element elementor-element-95c0155 elementor-widget elementor-widget-text-editor\" data-id=\"95c0155\" data-element_type=\"widget\" data-e-type=\"widget\" data-widget_type=\"text-editor.default\">\n\t\t\t\t\t\t\t\t\t<h4 class=\"visible-first visible\"><strong>\u00a0Banco BBVA<\/strong><\/h4>\t\t\t\t\t\t\t\t<\/div>\n\t\t\t\t<div class=\"elementor-element elementor-element-4a6d79a elementor-widget elementor-widget-text-editor\" data-id=\"4a6d79a\" data-element_type=\"widget\" data-e-type=\"widget\" data-widget_type=\"text-editor.default\">\n\t\t\t\t\t\t\t\t\t<ul><li class=\"firstItem\">Cuenta de ahorros referenciada<\/li><li>Banco BBVA N\u00b0 958047656<\/li><li># Convenio 29764<\/li><li>Indicando nombre y<br \/>el n\u00famero de identificaci\u00f3n<\/li><li class=\"lastItem\">El soporte de la consignaci\u00f3n<br \/>debe ser enviado al correo:<br \/><a href=\"mailto:servicioalcliente@adcore.com.co\">servicioalcliente@adcore.com.co<\/a><\/li><\/ul><p>\u2013\u00a0<a title=\"Sucursales bancos BBVA\" href=\"https:\/\/www.bbva.com.co\/personas\/oficinas.html\" target=\"_blank\" rel=\"noopener noreferrer\">Ver Sucursales<\/a><\/p>\t\t\t\t\t\t\t\t<\/div>\n\t\t\t\t<\/div>\n\t\t<div class=\"elementor-element elementor-element-17e39ac e-con-full e-flex e-con e-child\" data-id=\"17e39ac\" data-element_type=\"container\" data-e-type=\"container\">\n\t\t\t\t<div class=\"elementor-element elementor-element-441b3ef elementor-widget elementor-widget-image\" data-id=\"441b3ef\" data-element_type=\"widget\" data-e-type=\"widget\" data-widget_type=\"image.default\">\n\t\t\t\t\t\t\t\t\t\t\t\t\t\t\t\t<a href=\"https:\/\/www.efecty.com.co\/web\/puntos-de-atencion\">\n\t\t\t\t\t\t\t<img decoding=\"async\" src=\"https:\/\/adcore.com.co\/recuperacioncartera\/wp-content\/uploads\/elementor\/thumbs\/boton-asesor-efecty-rjcv9xexqmen438at6k3qnw5foq2ruxxsnz73c5kau.png\" title=\"boton-asesor-efecty\" alt=\"boton-asesor-efecty\" loading=\"lazy\" \/>\t\t\t\t\t\t\t\t<\/a>\n\t\t\t\t\t\t\t\t\t\t\t\t\t\t\t<\/div>\n\t\t\t\t<\/div>\n\t\t<div class=\"elementor-element elementor-element-65697a8 e-con-full e-flex e-con e-child\" data-id=\"65697a8\" data-element_type=\"container\" data-e-type=\"container\">\n\t\t\t\t<div class=\"elementor-element elementor-element-03fd5cc elementor-widget elementor-widget-text-editor\" data-id=\"03fd5cc\" data-element_type=\"widget\" data-e-type=\"widget\" data-widget_type=\"text-editor.default\">\n\t\t\t\t\t\t\t\t\t<h4 class=\"visible-first visible\"><strong>Efecty \u2013 Servientrega<\/strong><\/h4>\t\t\t\t\t\t\t\t<\/div>\n\t\t\t\t<div class=\"elementor-element elementor-element-681ad06 elementor-widget elementor-widget-text-editor\" data-id=\"681ad06\" data-element_type=\"widget\" data-e-type=\"widget\" data-widget_type=\"text-editor.default\">\n\t\t\t\t\t\t\t\t\t<ul><li class=\"lastItem firstItem\">Efecty al convenio N\u00b0110909 y mencionando<br \/>\u00fanicamente su n\u00famero de cedula.<\/li><\/ul><p>\u2013\u00a0<a href=\"https:\/\/www.efecty.com.co\/web\/puntos-de-atencion\" target=\"_blank\" rel=\"noopener noreferrer\" data-wplink-edit=\"true\">Ver Sucursales<\/a><\/p>\t\t\t\t\t\t\t\t<\/div>\n\t\t\t\t<\/div>\n\t\t\t\t<\/div>\n\t\t<div class=\"elementor-element elementor-element-c423644 e-con-full e-flex e-con e-child\" data-id=\"c423644\" data-element_type=\"container\" data-e-type=\"container\">\n\t\t<div class=\"elementor-element elementor-element-2bff8e9 e-con-full e-flex e-con e-child\" data-id=\"2bff8e9\" data-element_type=\"container\" data-e-type=\"container\">\n\t\t\t\t<div class=\"elementor-element elementor-element-408c978 elementor-widget elementor-widget-image\" data-id=\"408c978\" data-element_type=\"widget\" data-e-type=\"widget\" data-widget_type=\"image.default\">\n\t\t\t\t\t\t\t\t\t\t\t\t\t\t\t\t<a href=\"https:\/\/www.scotiabankcolpatria.com\/oficinas\/\" target=\"_blank\">\n\t\t\t\t\t\t\t<img decoding=\"async\" src=\"https:\/\/adcore.com.co\/recuperacioncartera\/wp-content\/uploads\/elementor\/thumbs\/boton-asesordavibank-rjcvbfxkr0h9th13yu4gra4vw19d6aydc5tcxdwq9y.png\" title=\"boton-asesordavibank\" alt=\"boton-asesordavibank\" loading=\"lazy\" \/>\t\t\t\t\t\t\t\t<\/a>\n\t\t\t\t\t\t\t\t\t\t\t\t\t\t\t<\/div>\n\t\t\t\t<\/div>\n\t\t<div class=\"elementor-element elementor-element-a5aa82d e-con-full e-flex e-con e-child\" data-id=\"a5aa82d\" data-element_type=\"container\" data-e-type=\"container\">\n\t\t\t\t<div class=\"elementor-element elementor-element-c55bcac elementor-widget elementor-widget-text-editor\" data-id=\"c55bcac\" data-element_type=\"widget\" data-e-type=\"widget\" data-widget_type=\"text-editor.default\">\n\t\t\t\t\t\t\t\t\t<h4 class=\"visible-first visible\"><strong>Banco Colpatria<\/strong><\/h4>\t\t\t\t\t\t\t\t<\/div>\n\t\t\t\t<div class=\"elementor-element elementor-element-0c85a94 elementor-widget elementor-widget-text-editor\" data-id=\"0c85a94\" data-element_type=\"widget\" data-e-type=\"widget\" data-widget_type=\"text-editor.default\">\n\t\t\t\t\t\t\t\t\t<ul>\n \t<li class=\"firstItem\">Cuenta ahorros referenciada del BANCO COLPATRIA SCOTIABANK No. 4582007068<\/li>\n \t<li>A nombre de ADCORE S.A.S NIT.900966455-8<\/li>\n \t<li>Indicando en el campo Referencia 1 el N\u00famero de Identificaci\u00f3n del Titular<\/li>\n \t<li>En la Referencia 2 el n\u00famero de tel\u00e9fono.<\/li>\n \t<li class=\"lastItem\">El soporte de la consignaci\u00f3n\ndebe ser enviado al correo:\n<a href=\"mailto:servicioalcliente@adcore.com.co\">servicioalcliente@adcore.com.co<\/a><\/li>\n<\/ul>\n\u2013\u00a0<a href=\"https:\/\/www.scotiabankcolpatria.com\/oficinas\/\" target=\"_blank\" rel=\"noopener noreferrer\">Ver Sucursales<\/a>\t\t\t\t\t\t\t\t<\/div>\n\t\t\t\t<\/div>\n\t\t<div class=\"elementor-element elementor-element-5e42c1f e-con-full e-flex e-con e-child\" data-id=\"5e42c1f\" data-element_type=\"container\" data-e-type=\"container\">\n\t\t\t\t<div class=\"elementor-element elementor-element-4312dfe elementor-widget elementor-widget-image\" data-id=\"4312dfe\" data-element_type=\"widget\" data-e-type=\"widget\" data-widget_type=\"image.default\">\n\t\t\t\t\t\t\t\t\t\t\t\t\t\t\t\t<a href=\"https:\/\/www.itau.co\/AdmonOficinasPublica\/admon\/UsrBuscarOficinas.do\">\n\t\t\t\t\t\t\t<img decoding=\"async\" src=\"https:\/\/adcore.com.co\/recuperacioncartera\/wp-content\/uploads\/elementor\/thumbs\/boton-asesor-itau-rjcvdblyf31x1easzndlqt22nrzskif1lgsbhb4dty.png\" title=\"boton-asesor-itau\" alt=\"boton-asesor-itau\" loading=\"lazy\" \/>\t\t\t\t\t\t\t\t<\/a>\n\t\t\t\t\t\t\t\t\t\t\t\t\t\t\t<\/div>\n\t\t\t\t<\/div>\n\t\t<div class=\"elementor-element elementor-element-973b8d9 e-con-full e-flex e-con e-child\" data-id=\"973b8d9\" data-element_type=\"container\" data-e-type=\"container\">\n\t\t\t\t<div class=\"elementor-element elementor-element-3f0c11c elementor-widget elementor-widget-text-editor\" data-id=\"3f0c11c\" data-element_type=\"widget\" data-e-type=\"widget\" data-widget_type=\"text-editor.default\">\n\t\t\t\t\t\t\t\t\t<h4 class=\"visible-first visible\"><strong>Banco ITAU<\/strong><\/h4>\t\t\t\t\t\t\t\t<\/div>\n\t\t\t\t<div class=\"elementor-element elementor-element-3f430dc elementor-widget elementor-widget-text-editor\" data-id=\"3f430dc\" data-element_type=\"widget\" data-e-type=\"widget\" data-widget_type=\"text-editor.default\">\n\t\t\t\t\t\t\t\t\t<ul><li class=\"firstItem\">Cuenta corriente del BANCO ITAU No. 731028007<\/li><li>A nombre de ADCORE S.A.S NIT.900966455-8<\/li><li>Indicando en el campo Referencia 1 el N\u00famero de identificaci\u00f3n del Titular<\/li><li class=\"lastItem\">El soporte de la consignaci\u00f3n<br \/>debe ser enviado al correo:<br \/><a href=\"mailto:servicioalcliente@adcore.com.co\">servicioalcliente@adcore.com.co<\/a><\/li><\/ul><p>\u2013\u00a0<a href=\"https:\/\/www.itau.co\/AdmonOficinasPublica\/admon\/UsrBuscarOficinas.do\" target=\"_blank\" rel=\"noopener\">Ver Sucursales<\/a><\/p>\t\t\t\t\t\t\t\t<\/div>\n\t\t\t\t<\/div>\n\t\t\t\t<\/div>\n\t\t<div class=\"elementor-element elementor-element-9ab970a e-con-full e-flex e-con e-child\" data-id=\"9ab970a\" data-element_type=\"container\" data-e-type=\"container\">\n\t\t<div class=\"elementor-element elementor-element-4d270da e-con-full e-flex e-con e-child\" data-id=\"4d270da\" data-element_type=\"container\" data-e-type=\"container\">\n\t\t\t\t<div class=\"elementor-element elementor-element-530b674 elementor-widget elementor-widget-image\" data-id=\"530b674\" data-element_type=\"widget\" data-e-type=\"widget\" data-widget_type=\"image.default\">\n\t\t\t\t\t\t\t\t\t\t\t\t\t\t\t\t<a href=\"https:\/\/portalpagos.davivienda.com\/#\/comercio\/9914\/ADCORE%20SAS\" target=\"_blank\">\n\t\t\t\t\t\t\t<img decoding=\"async\" src=\"https:\/\/adcore.com.co\/recuperacioncartera\/wp-content\/uploads\/elementor\/thumbs\/boton-asesor-pse-1-rjcvy024rvd0gk9g8l64ll754y2hwsigftgvkggkxy.png\" title=\"boton-asesor-pse\" alt=\"PSE\" loading=\"lazy\" \/>\t\t\t\t\t\t\t\t<\/a>\n\t\t\t\t\t\t\t\t\t\t\t\t\t\t\t<\/div>\n\t\t\t\t<\/div>\n\t\t<div class=\"elementor-element elementor-element-a153ff3 e-con-full e-flex e-con e-child\" data-id=\"a153ff3\" data-element_type=\"container\" data-e-type=\"container\">\n\t\t\t\t<div class=\"elementor-element elementor-element-5f19cc5 elementor-widget elementor-widget-text-editor\" data-id=\"5f19cc5\" data-element_type=\"widget\" data-e-type=\"widget\" data-widget_type=\"text-editor.default\">\n\t\t\t\t\t\t\t\t\t<h4 class=\"visible-first visible\"><strong>PSE<\/strong><\/h4>\t\t\t\t\t\t\t\t<\/div>\n\t\t\t\t<div class=\"elementor-element elementor-element-50b4815 elementor-widget elementor-widget-text-editor\" data-id=\"50b4815\" data-element_type=\"widget\" data-e-type=\"widget\" data-widget_type=\"text-editor.default\">\n\t\t\t\t\t\t\t\t\t<p>Pago Seguro en L\u00ednea<\/p>\t\t\t\t\t\t\t\t<\/div>\n\t\t\t\t<\/div>\n\t\t\t\t<\/div>\n\t\t<div class=\"elementor-element elementor-element-f700b49 e-con-full e-flex e-con e-child\" data-id=\"f700b49\" data-element_type=\"container\" data-e-type=\"container\" data-settings=\"{&quot;background_background&quot;:&quot;classic&quot;}\">\n\t\t<div class=\"elementor-element elementor-element-8104494 e-con-full e-flex e-con e-child\" data-id=\"8104494\" data-element_type=\"container\" data-e-type=\"container\">\n\t\t\t\t<div class=\"elementor-element elementor-element-3e12e2d elementor-widget elementor-widget-digtek-heading-title-widget\" data-id=\"3e12e2d\" data-element_type=\"widget\" data-e-type=\"widget\" data-widget_type=\"digtek-heading-title-widget.default\">\n\t\t\t\t<div class=\"elementor-widget-container\">\n\t\t\t\t\t\r\n\t\r\n\r\n\t<div class=\"section-title\">\r\n\t\t\t\t\t\t<h2 class=\"wow fadeInUp\" data-wow-delay=\".3s\">\r\n\t\t\tA UN S\u00d3LO PASO\t\t<\/h2>\r\n\t\t\t<\/div>\r\n\r\n\t\r\n\r\n             \r\n\t\t\t\t\t\t<\/div>\n\t\t\t\t<\/div>\n\t\t\t\t<\/div>\n\t\t<div class=\"elementor-element elementor-element-081fbec e-con-full e-flex e-con e-child\" data-id=\"081fbec\" data-element_type=\"container\" data-e-type=\"container\">\n\t\t<div class=\"elementor-element elementor-element-7598ad4 e-grid e-con-full e-con e-child\" data-id=\"7598ad4\" data-element_type=\"container\" data-e-type=\"container\">\n\t\t\t\t<div class=\"elementor-element elementor-element-3c18ec5 elementor-widget elementor-widget-image\" data-id=\"3c18ec5\" data-element_type=\"widget\" data-e-type=\"widget\" data-widget_type=\"image.default\">\n\t\t\t\t\t\t\t\t\t\t\t\t\t\t\t<img fetchpriority=\"high\" decoding=\"async\" width=\"234\" height=\"300\" src=\"https:\/\/adcore.com.co\/recuperacioncartera\/wp-content\/uploads\/2025\/10\/boton-asesor-whatsapp-2-234x300.png\" class=\"attachment-medium size-medium wp-image-1566\" alt=\"\" srcset=\"https:\/\/adcore.com.co\/recuperacioncartera\/wp-content\/uploads\/2025\/10\/boton-asesor-whatsapp-2-234x300.png 234w, https:\/\/adcore.com.co\/recuperacioncartera\/wp-content\/uploads\/2025\/10\/boton-asesor-whatsapp-2.png 267w\" sizes=\"(max-width: 234px) 100vw, 234px\" \/>\t\t\t\t\t\t\t\t\t\t\t\t\t\t\t<\/div>\n\t\t\t\t<div class=\"elementor-element elementor-element-3745391 elementor-widget__width-auto elementor-widget elementor-widget-image\" data-id=\"3745391\" data-element_type=\"widget\" data-e-type=\"widget\" data-widget_type=\"image.default\">\n\t\t\t\t\t\t\t\t\t\t\t\t\t\t\t<img decoding=\"async\" width=\"234\" height=\"300\" src=\"https:\/\/adcore.com.co\/recuperacioncartera\/wp-content\/uploads\/2025\/10\/boton-asesor-facilap-3-234x300.png\" class=\"attachment-medium size-medium wp-image-1565\" alt=\"Facil Acuerdo de Pago FACILAP\" srcset=\"https:\/\/adcore.com.co\/recuperacioncartera\/wp-content\/uploads\/2025\/10\/boton-asesor-facilap-3-234x300.png 234w, https:\/\/adcore.com.co\/recuperacioncartera\/wp-content\/uploads\/2025\/10\/boton-asesor-facilap-3.png 267w\" sizes=\"(max-width: 234px) 100vw, 234px\" \/>\t\t\t\t\t\t\t\t\t\t\t\t\t\t\t<\/div>\n\t\t\t\t<div class=\"elementor-element elementor-element-22a50e5 elementor-widget elementor-widget-image\" data-id=\"22a50e5\" data-element_type=\"widget\" data-e-type=\"widget\" data-widget_type=\"image.default\">\n\t\t\t\t\t\t\t\t\t\t\t\t\t\t\t<img decoding=\"async\" width=\"234\" height=\"300\" src=\"https:\/\/adcore.com.co\/recuperacioncartera\/wp-content\/uploads\/2025\/10\/boton-asesor-chat-4-234x300.png\" class=\"attachment-medium size-medium wp-image-1564\" alt=\"Escribenos por chat\" srcset=\"https:\/\/adcore.com.co\/recuperacioncartera\/wp-content\/uploads\/2025\/10\/boton-asesor-chat-4-234x300.png 234w, https:\/\/adcore.com.co\/recuperacioncartera\/wp-content\/uploads\/2025\/10\/boton-asesor-chat-4.png 267w\" sizes=\"(max-width: 234px) 100vw, 234px\" \/>\t\t\t\t\t\t\t\t\t\t\t\t\t\t\t<\/div>\n\t\t\t\t<\/div>\n\t\t<div class=\"elementor-element elementor-element-6396f68 e-con-full e-flex e-con e-child\" data-id=\"6396f68\" data-element_type=\"container\" data-e-type=\"container\">\n\t\t\t\t<div class=\"elementor-element elementor-element-2a9e87b elementor-widget elementor-widget-image\" data-id=\"2a9e87b\" data-element_type=\"widget\" data-e-type=\"widget\" data-widget_type=\"image.default\">\n\t\t\t\t\t\t\t\t\t\t\t\t\t\t\t<img loading=\"lazy\" decoding=\"async\" width=\"740\" height=\"89\" src=\"https:\/\/adcore.com.co\/recuperacioncartera\/wp-content\/uploads\/2025\/10\/adcore-carteras-administradas-franja-frase.png\" class=\"attachment-large size-large wp-image-1676\" alt=\"\" srcset=\"https:\/\/adcore.com.co\/recuperacioncartera\/wp-content\/uploads\/2025\/10\/adcore-carteras-administradas-franja-frase.png 924w, https:\/\/adcore.com.co\/recuperacioncartera\/wp-content\/uploads\/2025\/10\/adcore-carteras-administradas-franja-frase-300x36.png 300w, https:\/\/adcore.com.co\/recuperacioncartera\/wp-content\/uploads\/2025\/10\/adcore-carteras-administradas-franja-frase-768x92.png 768w\" sizes=\"(max-width: 740px) 100vw, 740px\" \/>\t\t\t\t\t\t\t\t\t\t\t\t\t\t\t<\/div>\n\t\t\t\t<\/div>\n\t\t\t\t<\/div>\n\t\t\t\t<\/div>\n\t\t\t\t\t<\/div>\n\t\t\t\t<\/div>\n\t\t\t\t<\/div>\n\t\t","protected":false},"excerpt":{"rendered":"<p>Red de Recaudo y Como Realizar El Pago \u00a0Banco Davivienda Cuenta de ahorros del Banco Davivienda N\u00b0 108900055279. A nombre de ADCORE S.A.S NIT. 900966455-8. Mediante Comprobante de Pago Universal. Indicando en el Campo Referencia 1 el N\u00famero de identificaci\u00f3n del Titular. El soporte de la consignaci\u00f3n debe ser enviado al correo:servicioalcliente@adcore.com.co \u2013\u00a0Ver Sucursales \u00a0Banco<\/p>\n","protected":false},"author":1,"featured_media":0,"parent":0,"menu_order":0,"comment_status":"closed","ping_status":"closed","template":"elementor_header_footer","meta":{"inline_featured_image":false,"footnotes":""},"class_list":["post-2239","page","type-page","status-publish","hentry"],"aioseo_notices":[],"_hostinger_reach_plugin_has_subscription_block":false,"_hostinger_reach_plugin_is_elementor":false,"_links":{"self":[{"href":"https:\/\/adcore.com.co\/recuperacioncartera\/wp-json\/wp\/v2\/pages\/2239","targetHints":{"allow":["GET"]}}],"collection":[{"href":"https:\/\/adcore.com.co\/recuperacioncartera\/wp-json\/wp\/v2\/pages"}],"about":[{"href":"https:\/\/adcore.com.co\/recuperacioncartera\/wp-json\/wp\/v2\/types\/page"}],"author":[{"embeddable":true,"href":"https:\/\/adcore.com.co\/recuperacioncartera\/wp-json\/wp\/v2\/users\/1"}],"replies":[{"embeddable":true,"href":"https:\/\/adcore.com.co\/recuperacioncartera\/wp-json\/wp\/v2\/comments?post=2239"}],"version-history":[{"count":73,"href":"https:\/\/adcore.com.co\/recuperacioncartera\/wp-json\/wp\/v2\/pages\/2239\/revisions"}],"predecessor-version":[{"id":2395,"href":"https:\/\/adcore.com.co\/recuperacioncartera\/wp-json\/wp\/v2\/pages\/2239\/revisions\/2395"}],"wp:attachment":[{"href":"https:\/\/adcore.com.co\/recuperacioncartera\/wp-json\/wp\/v2\/media?parent=2239"}],"curies":[{"name":"wp","href":"https:\/\/api.w.org\/{rel}","templated":true}]}}