{"id":2171,"date":"2026-02-03T17:35:34","date_gmt":"2026-02-03T17:35:34","guid":{"rendered":"https:\/\/adcore.com.co\/recuperacioncartera\/?page_id=2171"},"modified":"2026-02-03T20:59:58","modified_gmt":"2026-02-03T20:59:58","slug":"preguntas-fecuentes-adcore-centrales-de-informacion","status":"publish","type":"page","link":"https:\/\/adcore.com.co\/recuperacioncartera\/preguntas-fecuentes-adcore-centrales-de-informacion\/","title":{"rendered":"Preguntas Fecuentes Adcore Centrales de Informaci\u00f3n"},"content":{"rendered":"\t\t<div data-elementor-type=\"wp-page\" data-elementor-id=\"2171\" class=\"elementor elementor-2171\">\n\t\t\t\t<div class=\"elementor-element elementor-element-8e5757c e-flex e-con-boxed e-con e-parent\" data-id=\"8e5757c\" data-element_type=\"container\" data-e-type=\"container\" data-settings=\"{&quot;background_background&quot;:&quot;classic&quot;}\">\n\t\t\t\t\t<div class=\"e-con-inner\">\n\t\t<div class=\"elementor-element elementor-element-e38bc79 e-con-full e-flex e-con e-child\" data-id=\"e38bc79\" data-element_type=\"container\" data-e-type=\"container\">\n\t\t\t\t<div class=\"elementor-element elementor-element-e4d8ebd elementor-widget elementor-widget-heading\" data-id=\"e4d8ebd\" data-element_type=\"widget\" data-e-type=\"widget\" data-widget_type=\"heading.default\">\n\t\t\t\t\t<h2 class=\"elementor-heading-title elementor-size-default\">FAQS Sobre Centrales de Informaci\u00f3n<\/h2>\t\t\t\t<\/div>\n\t\t\t\t<\/div>\n\t\t\t\t\t<\/div>\n\t\t\t\t<\/div>\n\t\t<div class=\"elementor-element elementor-element-2c37aca e-flex e-con-boxed e-con e-parent\" data-id=\"2c37aca\" data-element_type=\"container\" data-e-type=\"container\">\n\t\t\t\t\t<div class=\"e-con-inner\">\n\t\t<div class=\"elementor-element elementor-element-7a8f157 e-con-full e-flex e-con e-child\" data-id=\"7a8f157\" data-element_type=\"container\" data-e-type=\"container\">\n\t\t\t\t<div class=\"elementor-element elementor-element-0d7511b elementor-widget elementor-widget-digtek-heading-title-widget\" data-id=\"0d7511b\" data-element_type=\"widget\" data-e-type=\"widget\" data-widget_type=\"digtek-heading-title-widget.default\">\n\t\t\t\t<div class=\"elementor-widget-container\">\n\t\t\t\t\t\r\n\t\r\n\r\n<div class=\"section-title-area\">\r\n\t<div class=\"section-title\">\r\n\t\t\t\t<div class=\"sub-title wow fadeInUp\">\r\n\t\t\t<span>FAQ's<\/span>\r\n\t\t<\/div>\r\n\t\t\t\t\t\t<h2 class=\"wow fadeInUp\" data-wow-delay=\".3s\">\r\n\t\t\tPreguntas Frecuentes\t\t<\/h2>\r\n\t\t\t<\/div>\r\n\t<\/div>\r\n\r\n\t\r\n\r\n             \r\n\t\t\t\t\t\t<\/div>\n\t\t\t\t<\/div>\n\t\t\t\t<div class=\"elementor-element elementor-element-7ac8e01 elementor-widget elementor-widget-heading\" data-id=\"7ac8e01\" data-element_type=\"widget\" data-e-type=\"widget\" data-widget_type=\"heading.default\">\n\t\t\t\t\t<p class=\"elementor-heading-title elementor-size-default\"><a href=\"https:\/\/adcore.com.co\/recuperacioncartera\/preguntas-fecuentes-adcore\/\">Sobre su cr\u00e9dito<\/a><\/p>\t\t\t\t<\/div>\n\t\t\t\t<div class=\"elementor-element elementor-element-7e68751 elementor-widget elementor-widget-heading\" data-id=\"7e68751\" data-element_type=\"widget\" data-e-type=\"widget\" data-widget_type=\"heading.default\">\n\t\t\t\t\t<p class=\"elementor-heading-title elementor-size-default\"><a href=\"https:\/\/adcore.com.co\/recuperacioncartera\/preguntas-fecuentes-adcore-sector-financiero\">Sobre el sector financiero y educaci\u00f3n crediticia<\/a><\/p>\t\t\t\t<\/div>\n\t\t\t\t<div class=\"elementor-element elementor-element-63db14e elementor-widget elementor-widget-heading\" data-id=\"63db14e\" data-element_type=\"widget\" data-e-type=\"widget\" data-widget_type=\"heading.default\">\n\t\t\t\t\t<p class=\"elementor-heading-title elementor-size-default\"><a href=\"https:\/\/adcore.com.co\/recuperacioncartera\/preguntas-fecuentes-adcore-centrales-de-informacion\">Sobre centrales de informaci\u00f3n<\/a><\/p>\t\t\t\t<\/div>\n\t\t<div class=\"elementor-element elementor-element-4910e07 e-con-full e-flex e-con e-child\" data-id=\"4910e07\" data-element_type=\"container\" data-e-type=\"container\">\n\t\t\t\t<div class=\"elementor-element elementor-element-4a5256f elementor-icon-list--layout-traditional elementor-list-item-link-full_width elementor-widget elementor-widget-icon-list\" data-id=\"4a5256f\" data-element_type=\"widget\" data-e-type=\"widget\" data-widget_type=\"icon-list.default\">\n\t\t\t\t\t\t\t<ul class=\"elementor-icon-list-items\">\n\t\t\t\t\t\t\t<li class=\"elementor-icon-list-item\">\n\t\t\t\t\t\t\t\t\t\t\t<a href=\"https:\/\/adcore.com.co\/recuperacioncartera\/contacto-adcore\/\">\n\n\t\t\t\t\t\t\t\t\t\t\t\t<span class=\"elementor-icon-list-icon\">\n\t\t\t\t\t\t\t<svg aria-hidden=\"true\" class=\"e-font-icon-svg e-far-check-circle\" viewBox=\"0 0 512 512\" xmlns=\"http:\/\/www.w3.org\/2000\/svg\"><path d=\"M256 8C119.033 8 8 119.033 8 256s111.033 248 248 248 248-111.033 248-248S392.967 8 256 8zm0 48c110.532 0 200 89.451 200 200 0 110.532-89.451 200-200 200-110.532 0-200-89.451-200-200 0-110.532 89.451-200 200-200m140.204 130.267l-22.536-22.718c-4.667-4.705-12.265-4.736-16.97-.068L215.346 303.697l-59.792-60.277c-4.667-4.705-12.265-4.736-16.97-.069l-22.719 22.536c-4.705 4.667-4.736 12.265-.068 16.971l90.781 91.516c4.667 4.705 12.265 4.736 16.97.068l172.589-171.204c4.704-4.668 4.734-12.266.067-16.971z\"><\/path><\/svg>\t\t\t\t\t\t<\/span>\n\t\t\t\t\t\t\t\t\t\t<span class=\"elementor-icon-list-text\">Tiene m\u00e1s preguntas?<\/span>\n\t\t\t\t\t\t\t\t\t\t\t<\/a>\n\t\t\t\t\t\t\t\t\t<\/li>\n\t\t\t\t\t\t<\/ul>\n\t\t\t\t\t\t<\/div>\n\t\t\t\t<div class=\"elementor-element elementor-element-fb5497f elementor-icon-list--layout-traditional elementor-list-item-link-full_width elementor-widget elementor-widget-icon-list\" data-id=\"fb5497f\" data-element_type=\"widget\" data-e-type=\"widget\" data-widget_type=\"icon-list.default\">\n\t\t\t\t\t\t\t<ul class=\"elementor-icon-list-items\">\n\t\t\t\t\t\t\t<li class=\"elementor-icon-list-item\">\n\t\t\t\t\t\t\t\t\t\t\t<a href=\"https:\/\/adcore.com.co\/recuperacioncartera\/contacto-adcore\/\">\n\n\t\t\t\t\t\t\t\t\t\t\t\t<span class=\"elementor-icon-list-icon\">\n\t\t\t\t\t\t\t<svg aria-hidden=\"true\" class=\"e-font-icon-svg e-far-check-circle\" viewBox=\"0 0 512 512\" xmlns=\"http:\/\/www.w3.org\/2000\/svg\"><path d=\"M256 8C119.033 8 8 119.033 8 256s111.033 248 248 248 248-111.033 248-248S392.967 8 256 8zm0 48c110.532 0 200 89.451 200 200 0 110.532-89.451 200-200 200-110.532 0-200-89.451-200-200 0-110.532 89.451-200 200-200m140.204 130.267l-22.536-22.718c-4.667-4.705-12.265-4.736-16.97-.068L215.346 303.697l-59.792-60.277c-4.667-4.705-12.265-4.736-16.97-.069l-22.719 22.536c-4.705 4.667-4.736 12.265-.068 16.971l90.781 91.516c4.667 4.705 12.265 4.736 16.97.068l172.589-171.204c4.704-4.668 4.734-12.266.067-16.971z\"><\/path><\/svg>\t\t\t\t\t\t<\/span>\n\t\t\t\t\t\t\t\t\t\t<span class=\"elementor-icon-list-text\">Escr\u00edbanos <\/span>\n\t\t\t\t\t\t\t\t\t\t\t<\/a>\n\t\t\t\t\t\t\t\t\t<\/li>\n\t\t\t\t\t\t<\/ul>\n\t\t\t\t\t\t<\/div>\n\t\t\t\t<\/div>\n\t\t\t\t<\/div>\n\t\t<div class=\"elementor-element elementor-element-16974b4 e-con-full e-flex e-con e-child\" data-id=\"16974b4\" data-element_type=\"container\" data-e-type=\"container\">\n\t\t\t\t<div class=\"elementor-element elementor-element-7edde00 elementor-widget elementor-widget-digtek-theme-accordion-widget\" data-id=\"7edde00\" data-element_type=\"widget\" data-e-type=\"widget\" data-widget_type=\"digtek-theme-accordion-widget.default\">\n\t\t\t\t<div class=\"elementor-widget-container\">\n\t\t\t\t\t\r\n\t<div class=\"faq-wrapper\">\r\n\t\t<div class=\"faq-accordion-items\">\r\n\t\t\t<div class=\"faq-accordion\">\r\n\t\t\t\t<div class=\"accordion\" id=\"accordion\">\r\n\t\t\t\t\t\t\t\t\t\t<div class=\"accordion-item mb-3 wow fadeInUp\" data-wow-delay=\".5s\">\r\n\t\t\t\t\t\t<h5 class=\"accordion-header\">\r\n\t\t\t\t\t\t\t<button class=\"accordion-button collapsed\" type=\"button\" data-bs-toggle=\"collapse\" data-bs-target=\"#faq20\" aria-expanded=\"false\" aria-controls=\"faq20\">\r\n\t\t\t\t\t\t\t\t\u00bfPor qu\u00e9 existen las centrales de informaci\u00f3n?\t\t\t\t\t\t\t<\/button>\r\n\t\t\t\t\t\t<\/h5>\r\n\t\t\t\t\t\t<div id=\"faq20\" class=\"accordion-collapse collapse \" data-bs-parent=\"#accordion\">\r\n\t\t\t\t\t\t\t<div class=\"accordion-body\">\r\n\t\t\t\t\t\t\t\tLos reportes de cr\u00e9dito han existido por m\u00e1s de un siglo. Cuando los prestamistas necesitaban evaluar el perfil de riesgo de un posible cliente, se comunicaban con una central de informaci\u00f3n que tuviera consolidados los datos de dicho cliente. Con el tiempo, a medida que los reportes de cr\u00e9dito se automatizaron, las centrales de informaci\u00f3n crediticia se consolidaron y evolucionaron en la prestaci\u00f3n de nuevos servicios.\t\t\t\t\t\t\t<\/div>\r\n\t\t\t\t\t\t<\/div>\r\n\t\t\t\t\t<\/div>\r\n\t\t\t\t\t\t\t\t\t\t<div class=\"accordion-item mb-3 wow fadeInUp\" data-wow-delay=\".5s\">\r\n\t\t\t\t\t\t<h5 class=\"accordion-header\">\r\n\t\t\t\t\t\t\t<button class=\"accordion-button collapsed\" type=\"button\" data-bs-toggle=\"collapse\" data-bs-target=\"#faq21\" aria-expanded=\"false\" aria-controls=\"faq21\">\r\n\t\t\t\t\t\t\t\t\u00bfQu\u00e9 es un reporte de cr\u00e9dito?\t\t\t\t\t\t\t<\/button>\r\n\t\t\t\t\t\t<\/h5>\r\n\t\t\t\t\t\t<div id=\"faq21\" class=\"accordion-collapse collapse show\" data-bs-parent=\"#accordion\">\r\n\t\t\t\t\t\t\t<div class=\"accordion-body\">\r\n\t\t\t\t\t\t\t\tEl reporte de cr\u00e9dito es un registro de su actividad e historial crediticio. Incluye los nombres de las compa\u00f1\u00edas que le han otorgado cr\u00e9dito, as\u00ed como los l\u00edmites de los cr\u00e9ditos y los montos de los pr\u00e9stamos. Su historial de pagos tambi\u00e9n es parte de este registro. Si tiene cuentas morosas, bancarrotas, o demandas legales, \u00e9stas tambi\u00e9n se pueden encontrar en este tipo de reportes.\t\t\t\t\t\t\t<\/div>\r\n\t\t\t\t\t\t<\/div>\r\n\t\t\t\t\t<\/div>\r\n\t\t\t\t\t\t\t\t\t\t<div class=\"accordion-item mb-3 wow fadeInUp\" data-wow-delay=\".5s\">\r\n\t\t\t\t\t\t<h5 class=\"accordion-header\">\r\n\t\t\t\t\t\t\t<button class=\"accordion-button collapsed\" type=\"button\" data-bs-toggle=\"collapse\" data-bs-target=\"#faq22\" aria-expanded=\"false\" aria-controls=\"faq22\">\r\n\t\t\t\t\t\t\t\t\u00bfEstar reportado me beneficia?\t\t\t\t\t\t\t<\/button>\r\n\t\t\t\t\t\t<\/h5>\r\n\t\t\t\t\t\t<div id=\"faq22\" class=\"accordion-collapse collapse \" data-bs-parent=\"#accordion\">\r\n\t\t\t\t\t\t\t<div class=\"accordion-body\">\r\n\t\t\t\t\t\t\t\tSi, la informaci\u00f3n que administran los Operadores de Datos, permite al titular construir una vida crediticia. De esta manera, mantener reportes positivos de informaci\u00f3n, le permitir\u00e1 acceder a cr\u00e9ditos o servicios con diferentes entidades de cada sector.\t\t\t\t\t\t\t<\/div>\r\n\t\t\t\t\t\t<\/div>\r\n\t\t\t\t\t<\/div>\r\n\t\t\t\t\t\t\t\t\t<\/div>\r\n\t\t\t<\/div>\r\n\t\t<\/div>\r\n\t<\/div>\r\n\r\n             \r\n\t\t\t\t\t\t<\/div>\n\t\t\t\t<\/div>\n\t\t\t\t<\/div>\n\t\t\t\t\t<\/div>\n\t\t\t\t<\/div>\n\t\t<div class=\"elementor-element elementor-element-4fe59a5 e-flex e-con-boxed e-con e-parent\" data-id=\"4fe59a5\" data-element_type=\"container\" data-e-type=\"container\">\n\t\t\t\t\t<div class=\"e-con-inner\">\n\t\t<div class=\"elementor-element elementor-element-7782a16 e-con-full e-flex e-con e-child\" data-id=\"7782a16\" data-element_type=\"container\" data-e-type=\"container\">\n\t\t\t\t<div class=\"elementor-element elementor-element-4ed5c84 elementor-widget elementor-widget-digtek-theme-accordion-widget\" data-id=\"4ed5c84\" data-element_type=\"widget\" data-e-type=\"widget\" data-widget_type=\"digtek-theme-accordion-widget.default\">\n\t\t\t\t<div class=\"elementor-widget-container\">\n\t\t\t\t\t\r\n\t<div class=\"faq-wrapper\">\r\n\t\t<div class=\"faq-accordion-items\">\r\n\t\t\t<div class=\"faq-accordion\">\r\n\t\t\t\t<div class=\"accordion\" id=\"accordion\">\r\n\t\t\t\t\t\t\t\t\t\t<div class=\"accordion-item mb-3 wow fadeInUp\" data-wow-delay=\".5s\">\r\n\t\t\t\t\t\t<h5 class=\"accordion-header\">\r\n\t\t\t\t\t\t\t<button class=\"accordion-button collapsed\" type=\"button\" data-bs-toggle=\"collapse\" data-bs-target=\"#faq20\" aria-expanded=\"false\" aria-controls=\"faq20\">\r\n\t\t\t\t\t\t\t\t\u00bfCu\u00e1l es el tiempo de permanencia de la informaci\u00f3n en las centrales de informaci\u00f3n?\t\t\t\t\t\t\t<\/button>\r\n\t\t\t\t\t\t<\/h5>\r\n\t\t\t\t\t\t<div id=\"faq20\" class=\"accordion-collapse collapse \" data-bs-parent=\"#accordion\">\r\n\t\t\t\t\t\t\t<div class=\"accordion-body\">\r\n\t\t\t\t\t\t\t\tT\u00e9rmino de permanencia de la informaci\u00f3n positiva:\n<br>\n    La informaci\u00f3n de car\u00e1cter positivo, as\u00ed como los datos correspondientes a obligaciones cerradas ser\u00e1n mantenidos de manera indefinida.\n<br>\nTermino de permanencia de la informaci\u00f3n negativa:\n<br>\n    Establece que la informaci\u00f3n negativa que refleja incumplimientos o moras tendr\u00e1 un plazo m\u00e1ximo de permanencia de 4 a\u00f1os, contados a partir de la fecha de pago o extinci\u00f3n de la obligaci\u00f3n. Si la mora en el pago es inferior a dos a\u00f1os, el reporte permanecer\u00e1 por el doble del tiempo de la mora, contados a partir de que sean pagadas las cuotas vencidas, o que se extinga la obligaci\u00f3n por cualquier modo.\n<br>\nPor ejemplo, si estuvo en mora durante dos meses y se puso al d\u00eda en sus obligaciones, el reporte negativo permanecer\u00e1 durante 4 meses. Es importante se\u00f1alar que, si estaba en mora y pago, el historial crediticio reflejar\u00e1 que la obligaci\u00f3n se encuentra al d\u00eda. Sin embargo, el pasado de mora que presento ser\u00e1 eliminado conforme a los t\u00e9rminos que acabamos de explicar.\t\t\t\t\t\t\t<\/div>\r\n\t\t\t\t\t\t<\/div>\r\n\t\t\t\t\t<\/div>\r\n\t\t\t\t\t\t\t\t\t\t<div class=\"accordion-item mb-3 wow fadeInUp\" data-wow-delay=\".5s\">\r\n\t\t\t\t\t\t<h5 class=\"accordion-header\">\r\n\t\t\t\t\t\t\t<button class=\"accordion-button collapsed\" type=\"button\" data-bs-toggle=\"collapse\" data-bs-target=\"#faq21\" aria-expanded=\"false\" aria-controls=\"faq21\">\r\n\t\t\t\t\t\t\t\t\u00bfPara qu\u00e9 se paga si uno sigue reportado?\t\t\t\t\t\t\t<\/button>\r\n\t\t\t\t\t\t<\/h5>\r\n\t\t\t\t\t\t<div id=\"faq21\" class=\"accordion-collapse collapse show\" data-bs-parent=\"#accordion\">\r\n\t\t\t\t\t\t\t<div class=\"accordion-body\">\r\n\t\t\t\t\t\t\t\tTenga en cuenta que el reporte no dura de forma prolongada depende de la mora de sus productos, as\u00ed mismo el pago de las obligaciones refleja un comportamiento positivo sobre sus cr\u00e9ditos.\t\t\t\t\t\t\t<\/div>\r\n\t\t\t\t\t\t<\/div>\r\n\t\t\t\t\t<\/div>\r\n\t\t\t\t\t\t\t\t\t\t<div class=\"accordion-item mb-3 wow fadeInUp\" data-wow-delay=\".5s\">\r\n\t\t\t\t\t\t<h5 class=\"accordion-header\">\r\n\t\t\t\t\t\t\t<button class=\"accordion-button collapsed\" type=\"button\" data-bs-toggle=\"collapse\" data-bs-target=\"#faq22\" aria-expanded=\"false\" aria-controls=\"faq22\">\r\n\t\t\t\t\t\t\t\t\u00bfEn qu\u00e9 consiste la actualizaci\u00f3n en Centrales de Riesgo una vez cumpla mi acuerdo y pague la obligaci\u00f3n?\t\t\t\t\t\t\t<\/button>\r\n\t\t\t\t\t\t<\/h5>\r\n\t\t\t\t\t\t<div id=\"faq22\" class=\"accordion-collapse collapse \" data-bs-parent=\"#accordion\">\r\n\t\t\t\t\t\t\t<div class=\"accordion-body\">\r\n\t\t\t\t\t\t\t\tLa actualizaci\u00f3n genera que su reporte ante las centrales de riesgo cambie de Cartera Castigada a Cartera Recuperada - Pago Total.\t\t\t\t\t\t\t<\/div>\r\n\t\t\t\t\t\t<\/div>\r\n\t\t\t\t\t<\/div>\r\n\t\t\t\t\t\t\t\t\t\t<div class=\"accordion-item mb-3 wow fadeInUp\" data-wow-delay=\".5s\">\r\n\t\t\t\t\t\t<h5 class=\"accordion-header\">\r\n\t\t\t\t\t\t\t<button class=\"accordion-button collapsed\" type=\"button\" data-bs-toggle=\"collapse\" data-bs-target=\"#faq23\" aria-expanded=\"false\" aria-controls=\"faq23\">\r\n\t\t\t\t\t\t\t\t\u00bfPor qu\u00e9 permanece tanto el reporte si hay nuevas leyes?\t\t\t\t\t\t\t<\/button>\r\n\t\t\t\t\t\t<\/h5>\r\n\t\t\t\t\t\t<div id=\"faq23\" class=\"accordion-collapse collapse \" data-bs-parent=\"#accordion\">\r\n\t\t\t\t\t\t\t<div class=\"accordion-body\">\r\n\t\t\t\t\t\t\t\tADCORE se rige por la ley Habeas data 1266 de 2008 la cual indica que el per\u00edodo en el que usted permaneci\u00f3 en mora (ej.) fue de 1 a 24 meses, la informaci\u00f3n de Cartera Recuperada - Pago Total se mantendr\u00e1 en la base de datos el doble del tiempo del per\u00edodo de la mora, contados a partir de la extinci\u00f3n de la obligaci\u00f3n por cualquier modo, si supera los 24 meses de mora (720 d\u00edas), esta informaci\u00f3n se mantendr\u00e1 por 4 a\u00f1os.\t\t\t\t\t\t\t<\/div>\r\n\t\t\t\t\t\t<\/div>\r\n\t\t\t\t\t<\/div>\r\n\t\t\t\t\t\t\t\t\t\t<div class=\"accordion-item mb-3 wow fadeInUp\" data-wow-delay=\".5s\">\r\n\t\t\t\t\t\t<h5 class=\"accordion-header\">\r\n\t\t\t\t\t\t\t<button class=\"accordion-button collapsed\" type=\"button\" data-bs-toggle=\"collapse\" data-bs-target=\"#faq24\" aria-expanded=\"false\" aria-controls=\"faq24\">\r\n\t\t\t\t\t\t\t\t\u00bfADCORE debe generar una comunicaci\u00f3n previa al reporte ante centrales de riesgo?\t\t\t\t\t\t\t<\/button>\r\n\t\t\t\t\t\t<\/h5>\r\n\t\t\t\t\t\t<div id=\"faq24\" class=\"accordion-collapse collapse \" data-bs-parent=\"#accordion\">\r\n\t\t\t\t\t\t\t<div class=\"accordion-body\">\r\n\t\t\t\t\t\t\t\tNo, ya que este reporte fue iniciado con anterioridad a la compraventa de la obligaci\u00f3n, por parte de la entidad originadora donde usted adquiri\u00f3 el cr\u00e9dito. En este caso ADCORE solo se encarga de actualizar los periodos de mora y reemplazar la raz\u00f3n social como nuevo acreedor.\t\t\t\t\t\t\t<\/div>\r\n\t\t\t\t\t\t<\/div>\r\n\t\t\t\t\t<\/div>\r\n\t\t\t\t\t\t\t\t\t\t<div class=\"accordion-item mb-3 wow fadeInUp\" data-wow-delay=\".5s\">\r\n\t\t\t\t\t\t<h5 class=\"accordion-header\">\r\n\t\t\t\t\t\t\t<button class=\"accordion-button collapsed\" type=\"button\" data-bs-toggle=\"collapse\" data-bs-target=\"#faq25\" aria-expanded=\"false\" aria-controls=\"faq25\">\r\n\t\t\t\t\t\t\t\t\u00bfADCORE puede reportarme si yo no le he dado autorizaci\u00f3n?\t\t\t\t\t\t\t<\/button>\r\n\t\t\t\t\t\t<\/h5>\r\n\t\t\t\t\t\t<div id=\"faq25\" class=\"accordion-collapse collapse \" data-bs-parent=\"#accordion\">\r\n\t\t\t\t\t\t\t<div class=\"accordion-body\">\r\n\t\t\t\t\t\t\t\tSI, ya que esta autorizaci\u00f3n fue otorgada por usted a la entidad bancaria originadora del cr\u00e9dito y a su vez endosada a ADCORE al momento de la compraventa de la obligaci\u00f3n.\t\t\t\t\t\t\t<\/div>\r\n\t\t\t\t\t\t<\/div>\r\n\t\t\t\t\t<\/div>\r\n\t\t\t\t\t\t\t\t\t\t<div class=\"accordion-item mb-3 wow fadeInUp\" data-wow-delay=\".5s\">\r\n\t\t\t\t\t\t<h5 class=\"accordion-header\">\r\n\t\t\t\t\t\t\t<button class=\"accordion-button collapsed\" type=\"button\" data-bs-toggle=\"collapse\" data-bs-target=\"#faq26\" aria-expanded=\"false\" aria-controls=\"faq26\">\r\n\t\t\t\t\t\t\t\t\u00bfCu\u00e1les son los t\u00e9rminos de actualizaci\u00f3n una vez pago la totalidad?\t\t\t\t\t\t\t<\/button>\r\n\t\t\t\t\t\t<\/h5>\r\n\t\t\t\t\t\t<div id=\"faq26\" class=\"accordion-collapse collapse \" data-bs-parent=\"#accordion\">\r\n\t\t\t\t\t\t\t<div class=\"accordion-body\">\r\n\t\t\t\t\t\t\t\tLos t\u00e9rminos para que se refleje su actualizaci\u00f3n es de 10 d\u00edas h\u00e1biles a partir del siguiente mes en el cual gener\u00f3 la cancelaci\u00f3n de su cr\u00e9dito, quedar\u00eda su reporte como Cartera Recuperada - Pago Total.\t\t\t\t\t\t\t<\/div>\r\n\t\t\t\t\t\t<\/div>\r\n\t\t\t\t\t<\/div>\r\n\t\t\t\t\t\t\t\t\t\t<div class=\"accordion-item mb-3 wow fadeInUp\" data-wow-delay=\".5s\">\r\n\t\t\t\t\t\t<h5 class=\"accordion-header\">\r\n\t\t\t\t\t\t\t<button class=\"accordion-button collapsed\" type=\"button\" data-bs-toggle=\"collapse\" data-bs-target=\"#faq27\" aria-expanded=\"false\" aria-controls=\"faq27\">\r\n\t\t\t\t\t\t\t\t\u00bfQui\u00e9nes consultan la informaci\u00f3n en las centrales?\t\t\t\t\t\t\t<\/button>\r\n\t\t\t\t\t\t<\/h5>\r\n\t\t\t\t\t\t<div id=\"faq27\" class=\"accordion-collapse collapse \" data-bs-parent=\"#accordion\">\r\n\t\t\t\t\t\t\t<div class=\"accordion-body\">\r\n\t\t\t\t\t\t\t\tLa informaci\u00f3n que administra el Operador de Informaci\u00f3n es consultada por los usuarios de informaci\u00f3n, quienes conforme a la Ley 1266 de 2008 se encuentran habilitados para acceder a la informaci\u00f3n financiera, crediticia, comercial o de servicios de los titulares, de acuerdo con las finalidades informadas al titular o previstas en la Ley.\t\t\t\t\t\t\t<\/div>\r\n\t\t\t\t\t\t<\/div>\r\n\t\t\t\t\t<\/div>\r\n\t\t\t\t\t\t\t\t\t<\/div>\r\n\t\t\t<\/div>\r\n\t\t<\/div>\r\n\t<\/div>\r\n\r\n             \r\n\t\t\t\t\t\t<\/div>\n\t\t\t\t<\/div>\n\t\t\t\t<\/div>\n\t\t\t\t\t<\/div>\n\t\t\t\t<\/div>\n\t\t\t\t<\/div>\n\t\t","protected":false},"excerpt":{"rendered":"<p>FAQS Sobre Centrales de Informaci\u00f3n FAQ&#8217;s Preguntas Frecuentes Sobre su cr\u00e9dito Sobre el sector financiero y educaci\u00f3n crediticia Sobre centrales de informaci\u00f3n Tiene m\u00e1s preguntas? Escr\u00edbanos \u00bfPor qu\u00e9 existen las centrales de informaci\u00f3n? Los reportes de cr\u00e9dito han existido por m\u00e1s de un siglo. Cuando los prestamistas necesitaban evaluar el perfil de riesgo de un<\/p>\n","protected":false},"author":1,"featured_media":0,"parent":0,"menu_order":0,"comment_status":"closed","ping_status":"closed","template":"elementor_header_footer","meta":{"inline_featured_image":false,"footnotes":""},"class_list":["post-2171","page","type-page","status-publish","hentry"],"aioseo_notices":[],"_hostinger_reach_plugin_has_subscription_block":false,"_hostinger_reach_plugin_is_elementor":false,"_links":{"self":[{"href":"https:\/\/adcore.com.co\/recuperacioncartera\/wp-json\/wp\/v2\/pages\/2171","targetHints":{"allow":["GET"]}}],"collection":[{"href":"https:\/\/adcore.com.co\/recuperacioncartera\/wp-json\/wp\/v2\/pages"}],"about":[{"href":"https:\/\/adcore.com.co\/recuperacioncartera\/wp-json\/wp\/v2\/types\/page"}],"author":[{"embeddable":true,"href":"https:\/\/adcore.com.co\/recuperacioncartera\/wp-json\/wp\/v2\/users\/1"}],"replies":[{"embeddable":true,"href":"https:\/\/adcore.com.co\/recuperacioncartera\/wp-json\/wp\/v2\/comments?post=2171"}],"version-history":[{"count":24,"href":"https:\/\/adcore.com.co\/recuperacioncartera\/wp-json\/wp\/v2\/pages\/2171\/revisions"}],"predecessor-version":[{"id":2238,"href":"https:\/\/adcore.com.co\/recuperacioncartera\/wp-json\/wp\/v2\/pages\/2171\/revisions\/2238"}],"wp:attachment":[{"href":"https:\/\/adcore.com.co\/recuperacioncartera\/wp-json\/wp\/v2\/media?parent=2171"}],"curies":[{"name":"wp","href":"https:\/\/api.w.org\/{rel}","templated":true}]}}