{"id":1873,"date":"2025-10-15T01:53:02","date_gmt":"2025-10-15T01:53:02","guid":{"rendered":"https:\/\/adcore.com.co\/recuperacioncartera\/?page_id=1873"},"modified":"2026-03-20T15:31:40","modified_gmt":"2026-03-20T15:31:40","slug":"preguntas-fecuentes-adcore","status":"publish","type":"page","link":"https:\/\/adcore.com.co\/recuperacioncartera\/preguntas-fecuentes-adcore\/","title":{"rendered":"Preguntas Fecuentes Adcore"},"content":{"rendered":"\t\t<div data-elementor-type=\"wp-page\" data-elementor-id=\"1873\" class=\"elementor elementor-1873\">\n\t\t\t\t<div class=\"elementor-element elementor-element-8e5757c e-flex e-con-boxed e-con e-parent\" data-id=\"8e5757c\" data-element_type=\"container\" data-e-type=\"container\" data-settings=\"{&quot;background_background&quot;:&quot;classic&quot;}\">\n\t\t\t\t\t<div class=\"e-con-inner\">\n\t\t<div class=\"elementor-element elementor-element-e38bc79 e-con-full e-flex e-con e-child\" data-id=\"e38bc79\" data-element_type=\"container\" data-e-type=\"container\">\n\t\t\t\t<div class=\"elementor-element elementor-element-e4d8ebd elementor-widget elementor-widget-heading\" data-id=\"e4d8ebd\" data-element_type=\"widget\" data-e-type=\"widget\" data-widget_type=\"heading.default\">\n\t\t\t\t\t<h2 class=\"elementor-heading-title elementor-size-default\">FAQS Sobre su cr\u00e9dito<\/h2>\t\t\t\t<\/div>\n\t\t\t\t<\/div>\n\t\t\t\t\t<\/div>\n\t\t\t\t<\/div>\n\t\t<div class=\"elementor-element elementor-element-2c37aca e-flex e-con-boxed e-con e-parent\" data-id=\"2c37aca\" data-element_type=\"container\" data-e-type=\"container\">\n\t\t\t\t\t<div class=\"e-con-inner\">\n\t\t<div class=\"elementor-element elementor-element-7a8f157 e-con-full e-flex e-con e-child\" data-id=\"7a8f157\" data-element_type=\"container\" data-e-type=\"container\">\n\t\t\t\t<div class=\"elementor-element elementor-element-0d7511b elementor-widget elementor-widget-digtek-heading-title-widget\" data-id=\"0d7511b\" data-element_type=\"widget\" data-e-type=\"widget\" data-widget_type=\"digtek-heading-title-widget.default\">\n\t\t\t\t<div class=\"elementor-widget-container\">\n\t\t\t\t\t\r\n\t\r\n\r\n<div class=\"section-title-area\">\r\n\t<div class=\"section-title\">\r\n\t\t\t\t<div class=\"sub-title wow fadeInUp\">\r\n\t\t\t<span>FAQ's<\/span>\r\n\t\t<\/div>\r\n\t\t\t\t\t\t<h2 class=\"wow fadeInUp\" data-wow-delay=\".3s\">\r\n\t\t\tPreguntas Frecuentes\t\t<\/h2>\r\n\t\t\t<\/div>\r\n\t<\/div>\r\n\r\n\t\r\n\r\n             \r\n\t\t\t\t\t\t<\/div>\n\t\t\t\t<\/div>\n\t\t\t\t<div class=\"elementor-element elementor-element-7ac8e01 elementor-widget elementor-widget-heading\" data-id=\"7ac8e01\" data-element_type=\"widget\" data-e-type=\"widget\" data-widget_type=\"heading.default\">\n\t\t\t\t\t<p class=\"elementor-heading-title elementor-size-default\"><a href=\"https:\/\/adcore.com.co\/recuperacioncartera\/preguntas-fecuentes-adcore\/\">Sobre su cr\u00e9dito<\/a><\/p>\t\t\t\t<\/div>\n\t\t\t\t<div class=\"elementor-element elementor-element-7e68751 elementor-widget elementor-widget-heading\" data-id=\"7e68751\" data-element_type=\"widget\" data-e-type=\"widget\" data-widget_type=\"heading.default\">\n\t\t\t\t\t<p class=\"elementor-heading-title elementor-size-default\"><a href=\"https:\/\/adcore.com.co\/recuperacioncartera\/preguntas-fecuentes-adcore-sector-financiero\">Sobre el sector financiero y educaci\u00f3n crediticia<\/a><\/p>\t\t\t\t<\/div>\n\t\t\t\t<div class=\"elementor-element elementor-element-63db14e elementor-widget elementor-widget-heading\" data-id=\"63db14e\" data-element_type=\"widget\" data-e-type=\"widget\" data-widget_type=\"heading.default\">\n\t\t\t\t\t<p class=\"elementor-heading-title elementor-size-default\"><a href=\"https:\/\/adcore.com.co\/recuperacioncartera\/preguntas-fecuentes-adcore-centrales-de-informacion\">Sobre centrales de informaci\u00f3n<\/a><\/p>\t\t\t\t<\/div>\n\t\t<div class=\"elementor-element elementor-element-4910e07 e-con-full e-flex e-con e-child\" data-id=\"4910e07\" data-element_type=\"container\" data-e-type=\"container\">\n\t\t\t\t<div class=\"elementor-element elementor-element-4a5256f elementor-icon-list--layout-traditional elementor-list-item-link-full_width elementor-widget elementor-widget-icon-list\" data-id=\"4a5256f\" data-element_type=\"widget\" data-e-type=\"widget\" data-widget_type=\"icon-list.default\">\n\t\t\t\t\t\t\t<ul class=\"elementor-icon-list-items\">\n\t\t\t\t\t\t\t<li class=\"elementor-icon-list-item\">\n\t\t\t\t\t\t\t\t\t\t\t<a href=\"https:\/\/adcore.com.co\/recuperacioncartera\/contacto-adcore\/\">\n\n\t\t\t\t\t\t\t\t\t\t\t\t<span class=\"elementor-icon-list-icon\">\n\t\t\t\t\t\t\t<svg aria-hidden=\"true\" class=\"e-font-icon-svg e-far-check-circle\" viewBox=\"0 0 512 512\" xmlns=\"http:\/\/www.w3.org\/2000\/svg\"><path d=\"M256 8C119.033 8 8 119.033 8 256s111.033 248 248 248 248-111.033 248-248S392.967 8 256 8zm0 48c110.532 0 200 89.451 200 200 0 110.532-89.451 200-200 200-110.532 0-200-89.451-200-200 0-110.532 89.451-200 200-200m140.204 130.267l-22.536-22.718c-4.667-4.705-12.265-4.736-16.97-.068L215.346 303.697l-59.792-60.277c-4.667-4.705-12.265-4.736-16.97-.069l-22.719 22.536c-4.705 4.667-4.736 12.265-.068 16.971l90.781 91.516c4.667 4.705 12.265 4.736 16.97.068l172.589-171.204c4.704-4.668 4.734-12.266.067-16.971z\"><\/path><\/svg>\t\t\t\t\t\t<\/span>\n\t\t\t\t\t\t\t\t\t\t<span class=\"elementor-icon-list-text\">Tiene m\u00e1s preguntas?<\/span>\n\t\t\t\t\t\t\t\t\t\t\t<\/a>\n\t\t\t\t\t\t\t\t\t<\/li>\n\t\t\t\t\t\t<\/ul>\n\t\t\t\t\t\t<\/div>\n\t\t\t\t<div class=\"elementor-element elementor-element-fb5497f elementor-icon-list--layout-traditional elementor-list-item-link-full_width elementor-widget elementor-widget-icon-list\" data-id=\"fb5497f\" data-element_type=\"widget\" data-e-type=\"widget\" data-widget_type=\"icon-list.default\">\n\t\t\t\t\t\t\t<ul class=\"elementor-icon-list-items\">\n\t\t\t\t\t\t\t<li class=\"elementor-icon-list-item\">\n\t\t\t\t\t\t\t\t\t\t\t<a href=\"https:\/\/adcore.com.co\/recuperacioncartera\/contacto-adcore\/\">\n\n\t\t\t\t\t\t\t\t\t\t\t\t<span class=\"elementor-icon-list-icon\">\n\t\t\t\t\t\t\t<svg aria-hidden=\"true\" class=\"e-font-icon-svg e-far-check-circle\" viewBox=\"0 0 512 512\" xmlns=\"http:\/\/www.w3.org\/2000\/svg\"><path d=\"M256 8C119.033 8 8 119.033 8 256s111.033 248 248 248 248-111.033 248-248S392.967 8 256 8zm0 48c110.532 0 200 89.451 200 200 0 110.532-89.451 200-200 200-110.532 0-200-89.451-200-200 0-110.532 89.451-200 200-200m140.204 130.267l-22.536-22.718c-4.667-4.705-12.265-4.736-16.97-.068L215.346 303.697l-59.792-60.277c-4.667-4.705-12.265-4.736-16.97-.069l-22.719 22.536c-4.705 4.667-4.736 12.265-.068 16.971l90.781 91.516c4.667 4.705 12.265 4.736 16.97.068l172.589-171.204c4.704-4.668 4.734-12.266.067-16.971z\"><\/path><\/svg>\t\t\t\t\t\t<\/span>\n\t\t\t\t\t\t\t\t\t\t<span class=\"elementor-icon-list-text\">Escr\u00edbanos <\/span>\n\t\t\t\t\t\t\t\t\t\t\t<\/a>\n\t\t\t\t\t\t\t\t\t<\/li>\n\t\t\t\t\t\t<\/ul>\n\t\t\t\t\t\t<\/div>\n\t\t\t\t<\/div>\n\t\t\t\t<\/div>\n\t\t<div class=\"elementor-element elementor-element-16974b4 e-con-full e-flex e-con e-child\" data-id=\"16974b4\" data-element_type=\"container\" data-e-type=\"container\">\n\t\t\t\t<div class=\"elementor-element elementor-element-057ae7d elementor-widget elementor-widget-digtek-theme-accordion-widget\" data-id=\"057ae7d\" data-element_type=\"widget\" data-e-type=\"widget\" data-widget_type=\"digtek-theme-accordion-widget.default\">\n\t\t\t\t<div class=\"elementor-widget-container\">\n\t\t\t\t\t\r\n\t<div class=\"faq-wrapper\">\r\n\t\t<div class=\"faq-accordion-items\">\r\n\t\t\t<div class=\"faq-accordion\">\r\n\t\t\t\t<div class=\"accordion\" id=\"accordion\">\r\n\t\t\t\t\t\t\t\t\t\t<div class=\"accordion-item mb-3 wow fadeInUp\" data-wow-delay=\".5s\">\r\n\t\t\t\t\t\t<h5 class=\"accordion-header\">\r\n\t\t\t\t\t\t\t<button class=\"accordion-button collapsed\" type=\"button\" data-bs-toggle=\"collapse\" data-bs-target=\"#faq20\" aria-expanded=\"false\" aria-controls=\"faq20\">\r\n\t\t\t\t\t\t\t\t\u00bfPorque ADCORE me est\u00e1 llamando si yo no he sacado ning\u00fan cr\u00e9dito con ellos?\t\t\t\t\t\t\t<\/button>\r\n\t\t\t\t\t\t<\/h5>\r\n\t\t\t\t\t\t<div id=\"faq20\" class=\"accordion-collapse collapse \" data-bs-parent=\"#accordion\">\r\n\t\t\t\t\t\t\t<div class=\"accordion-body\">\r\n\t\t\t\t\t\t\t\tEl objetivo principal de ADCORE es ayudar a las personas a encontrar una soluci\u00f3n a las deudas adquiridas en el sector financiero, acorde a su capacidad de pago actual. ADCORE realiza un acuerdo de compraventa con las entidades financieras y estas endosan los pagar\u00e9s y ceden las obligaciones sujetas del negocio y as\u00ed ADCORE se convierte en el nuevo due\u00f1o y por ende el encargado de brindar la soluci\u00f3n a su medida.\t\t\t\t\t\t\t<\/div>\r\n\t\t\t\t\t\t<\/div>\r\n\t\t\t\t\t<\/div>\r\n\t\t\t\t\t\t\t\t\t\t<div class=\"accordion-item mb-3 wow fadeInUp\" data-wow-delay=\".5s\">\r\n\t\t\t\t\t\t<h5 class=\"accordion-header\">\r\n\t\t\t\t\t\t\t<button class=\"accordion-button collapsed\" type=\"button\" data-bs-toggle=\"collapse\" data-bs-target=\"#faq21\" aria-expanded=\"false\" aria-controls=\"faq21\">\r\n\t\t\t\t\t\t\t\t\u00bfCuando verifico si soy cliente de ADCORE queda registro de mi b\u00fasqueda?\t\t\t\t\t\t\t<\/button>\r\n\t\t\t\t\t\t<\/h5>\r\n\t\t\t\t\t\t<div id=\"faq21\" class=\"accordion-collapse collapse show\" data-bs-parent=\"#accordion\">\r\n\t\t\t\t\t\t\t<div class=\"accordion-body\">\r\n\t\t\t\t\t\t\t\tAntes de ingresar a nuestra aplicaci\u00f3n Facilap, encontrar\u00e1 un bot\u00f3n para consultar si usted hace parte de nuestros clientes o no. Esta consulta no deja ning\u00fan registro en nuestras bases de datos, es exclusiva para la revisi\u00f3n.\t\t\t\t\t\t\t<\/div>\r\n\t\t\t\t\t\t<\/div>\r\n\t\t\t\t\t<\/div>\r\n\t\t\t\t\t\t\t\t\t\t<div class=\"accordion-item mb-3 wow fadeInUp\" data-wow-delay=\".5s\">\r\n\t\t\t\t\t\t<h5 class=\"accordion-header\">\r\n\t\t\t\t\t\t\t<button class=\"accordion-button collapsed\" type=\"button\" data-bs-toggle=\"collapse\" data-bs-target=\"#faq22\" aria-expanded=\"false\" aria-controls=\"faq22\">\r\n\t\t\t\t\t\t\t\t\u00bfC\u00f3mo puedo pagar a adcore?\t\t\t\t\t\t\t<\/button>\r\n\t\t\t\t\t\t<\/h5>\r\n\t\t\t\t\t\t<div id=\"faq22\" class=\"accordion-collapse collapse \" data-bs-parent=\"#accordion\">\r\n\t\t\t\t\t\t\t<div class=\"accordion-body\">\r\n\t\t\t\t\t\t\t\tContamos con una amplia red de recaudo y pago por PSE. \nBanco Davivienda,  Banco de Bogot\u00e1, Banco BBVA, \n Efecty \u2013 Servientrega, \nBanco Colpatria, Banco ITAU. Ingresa a la secci\u00f3n servicios en el link medios de pago para ver en detalle las cuentas de cada banco.\n\n\t\t\t\t\t\t\t<\/div>\r\n\t\t\t\t\t\t<\/div>\r\n\t\t\t\t\t<\/div>\r\n\t\t\t\t\t\t\t\t\t\t<div class=\"accordion-item mb-3 wow fadeInUp\" data-wow-delay=\".5s\">\r\n\t\t\t\t\t\t<h5 class=\"accordion-header\">\r\n\t\t\t\t\t\t\t<button class=\"accordion-button collapsed\" type=\"button\" data-bs-toggle=\"collapse\" data-bs-target=\"#faq23\" aria-expanded=\"false\" aria-controls=\"faq23\">\r\n\t\t\t\t\t\t\t\t\u00bfCu\u00e1nto tiempo se demora la expedici\u00f3n de mi paz y salvo una vez pague la deuda?\t\t\t\t\t\t\t<\/button>\r\n\t\t\t\t\t\t<\/h5>\r\n\t\t\t\t\t\t<div id=\"faq23\" class=\"accordion-collapse collapse \" data-bs-parent=\"#accordion\">\r\n\t\t\t\t\t\t\t<div class=\"accordion-body\">\r\n\t\t\t\t\t\t\t\tUna vez hayamos realizado un acuerdo de pago y usted haya realizado el pago de su obligaci\u00f3n, ADCORE cuenta con 5 d\u00edas h\u00e1biles para la expedici\u00f3n del paz y salvo.\t\t\t\t\t\t\t<\/div>\r\n\t\t\t\t\t\t<\/div>\r\n\t\t\t\t\t<\/div>\r\n\t\t\t\t\t\t\t\t\t<\/div>\r\n\t\t\t<\/div>\r\n\t\t<\/div>\r\n\t<\/div>\r\n\r\n             \r\n\t\t\t\t\t\t<\/div>\n\t\t\t\t<\/div>\n\t\t\t\t<\/div>\n\t\t\t\t\t<\/div>\n\t\t\t\t<\/div>\n\t\t<div class=\"elementor-element elementor-element-fc8ffd6 e-flex e-con-boxed e-con e-parent\" data-id=\"fc8ffd6\" data-element_type=\"container\" data-e-type=\"container\">\n\t\t\t\t\t<div class=\"e-con-inner\">\n\t\t<div class=\"elementor-element elementor-element-00e99e2 e-con-full e-flex e-con e-child\" data-id=\"00e99e2\" data-element_type=\"container\" data-e-type=\"container\">\n\t\t\t\t<div class=\"elementor-element elementor-element-951986b elementor-widget elementor-widget-digtek-theme-accordion-widget\" data-id=\"951986b\" data-element_type=\"widget\" data-e-type=\"widget\" data-widget_type=\"digtek-theme-accordion-widget.default\">\n\t\t\t\t<div class=\"elementor-widget-container\">\n\t\t\t\t\t\r\n\t<div class=\"faq-wrapper\">\r\n\t\t<div class=\"faq-accordion-items\">\r\n\t\t\t<div class=\"faq-accordion\">\r\n\t\t\t\t<div class=\"accordion\" id=\"accordion\">\r\n\t\t\t\t\t\t\t\t\t\t<div class=\"accordion-item mb-3 wow fadeInUp\" data-wow-delay=\".5s\">\r\n\t\t\t\t\t\t<h5 class=\"accordion-header\">\r\n\t\t\t\t\t\t\t<button class=\"accordion-button collapsed\" type=\"button\" data-bs-toggle=\"collapse\" data-bs-target=\"#faq20\" aria-expanded=\"false\" aria-controls=\"faq20\">\r\n\t\t\t\t\t\t\t\t\u00bfA d\u00f3nde puedo comunicarme si requiero alternativas de pago?\t\t\t\t\t\t\t<\/button>\r\n\t\t\t\t\t\t<\/h5>\r\n\t\t\t\t\t\t<div id=\"faq20\" class=\"accordion-collapse collapse \" data-bs-parent=\"#accordion\">\r\n\t\t\t\t\t\t\t<div class=\"accordion-body\">\r\n\t\t\t\t\t\t\t\tPara solicitar informaci\u00f3n del valor adeudado, acuerdos de pago, descuentos o dirigir sus dudas o inquietudes sobre su obligaci\u00f3n puede comunicarse al correo servicioalcliente@adcore.com.co, en nuestra p\u00e1gina web link contacto, en nuestra l\u00ednea de atenci\u00f3n al cliente (1) 601 7169000 o en los celulares 321 363 6801 \u2013 3108147819 - 310 816 4899.\t\t\t\t\t\t\t<\/div>\r\n\t\t\t\t\t\t<\/div>\r\n\t\t\t\t\t<\/div>\r\n\t\t\t\t\t\t\t\t\t\t<div class=\"accordion-item mb-3 wow fadeInUp\" data-wow-delay=\".5s\">\r\n\t\t\t\t\t\t<h5 class=\"accordion-header\">\r\n\t\t\t\t\t\t\t<button class=\"accordion-button collapsed\" type=\"button\" data-bs-toggle=\"collapse\" data-bs-target=\"#faq21\" aria-expanded=\"false\" aria-controls=\"faq21\">\r\n\t\t\t\t\t\t\t\t\u00bfquiero que ADCORE me ayude con otras deudas que tengo en mora?\t\t\t\t\t\t\t<\/button>\r\n\t\t\t\t\t\t<\/h5>\r\n\t\t\t\t\t\t<div id=\"faq21\" class=\"accordion-collapse collapse show\" data-bs-parent=\"#accordion\">\r\n\t\t\t\t\t\t\t<div class=\"accordion-body\">\r\n\t\t\t\t\t\t\t\tADCORE solo puede hacer acuerdos a su medida de las obligaciones que ha adquirido a trav\u00e9s de los contratos de compraventa, por esta raz\u00f3n no es posible hacer acuerdos de otras obligaciones que no hacen parte del portafolio de ADCORE.\t\t\t\t\t\t\t<\/div>\r\n\t\t\t\t\t\t<\/div>\r\n\t\t\t\t\t<\/div>\r\n\t\t\t\t\t\t\t\t\t\t<div class=\"accordion-item mb-3 wow fadeInUp\" data-wow-delay=\".5s\">\r\n\t\t\t\t\t\t<h5 class=\"accordion-header\">\r\n\t\t\t\t\t\t\t<button class=\"accordion-button collapsed\" type=\"button\" data-bs-toggle=\"collapse\" data-bs-target=\"#faq22\" aria-expanded=\"false\" aria-controls=\"faq22\">\r\n\t\t\t\t\t\t\t\tMe llaman o me env\u00edan mensajes, pero yo no conozco a la persona a la cual van dirigidos ni tengo deuda con ninguna entidad\t\t\t\t\t\t\t<\/button>\r\n\t\t\t\t\t\t<\/h5>\r\n\t\t\t\t\t\t<div id=\"faq22\" class=\"accordion-collapse collapse \" data-bs-parent=\"#accordion\">\r\n\t\t\t\t\t\t\t<div class=\"accordion-body\">\r\n\t\t\t\t\t\t\t\tSi usted est\u00e1 recibiendo comunicaciones e informaci\u00f3n sobre productos que no reconoce o no ha tenido, lo invitamos a que nos escriba a trav\u00e9s del correo servicioalcliente@adcore.com.co o a trav\u00e9s de nuestra p\u00e1gina web www.adcore.com.co\t\t\t\t\t\t\t<\/div>\r\n\t\t\t\t\t\t<\/div>\r\n\t\t\t\t\t<\/div>\r\n\t\t\t\t\t\t\t\t\t\t<div class=\"accordion-item mb-3 wow fadeInUp\" data-wow-delay=\".5s\">\r\n\t\t\t\t\t\t<h5 class=\"accordion-header\">\r\n\t\t\t\t\t\t\t<button class=\"accordion-button collapsed\" type=\"button\" data-bs-toggle=\"collapse\" data-bs-target=\"#faq23\" aria-expanded=\"false\" aria-controls=\"faq23\">\r\n\t\t\t\t\t\t\t\tQuiero conocer la informaci\u00f3n de mi obligaci\u00f3n y hacer un acuerdo de pago, pero no quiero hablar ni que me llame ning\u00fan asesor.\t\t\t\t\t\t\t<\/button>\r\n\t\t\t\t\t\t<\/h5>\r\n\t\t\t\t\t\t<div id=\"faq23\" class=\"accordion-collapse collapse \" data-bs-parent=\"#accordion\">\r\n\t\t\t\t\t\t\t<div class=\"accordion-body\">\r\n\t\t\t\t\t\t\t\tUsted puede conocer el estado de su obligaci\u00f3n, pagos, acuerdos de pago o realizar un acuerdo a su medida a trav\u00e9s de nuestro facilitador de acuerdos FACILAP dando clic en este link\t\t\t\t\t\t\t<\/div>\r\n\t\t\t\t\t\t<\/div>\r\n\t\t\t\t\t<\/div>\r\n\t\t\t\t\t\t\t\t\t\t<div class=\"accordion-item mb-3 wow fadeInUp\" data-wow-delay=\".5s\">\r\n\t\t\t\t\t\t<h5 class=\"accordion-header\">\r\n\t\t\t\t\t\t\t<button class=\"accordion-button collapsed\" type=\"button\" data-bs-toggle=\"collapse\" data-bs-target=\"#faq24\" aria-expanded=\"false\" aria-controls=\"faq24\">\r\n\t\t\t\t\t\t\t\t\u00bfC\u00f3mo puedo presentar una solicitud, queja, reclamo o felicitaci\u00f3n?\t\t\t\t\t\t\t<\/button>\r\n\t\t\t\t\t\t<\/h5>\r\n\t\t\t\t\t\t<div id=\"faq24\" class=\"accordion-collapse collapse \" data-bs-parent=\"#accordion\">\r\n\t\t\t\t\t\t\t<div class=\"accordion-body\">\r\n\t\t\t\t\t\t\t\tADCORE cuenta con diferentes canales de contacto para sus clientes, usted puede tramitar sus solicitudes, quejas, reclamos o felicitaciones a trav\u00e9s del correo servicioalcliente@adcore.com.co, en nuestra p\u00e1gina web www.adcore.com.co, a trav\u00e9s de facilitador de acuerdos FACILAP o en nuestra l\u00ednea de atenci\u00f3n al cliente 601 7169 000. La solicitud debe contener sus datos personales, los datos que permitan contactarlo para hacerle llegar la correspondiente respuesta, as\u00ed como la descripci\u00f3n de los hechos.\t\t\t\t\t\t\t<\/div>\r\n\t\t\t\t\t\t<\/div>\r\n\t\t\t\t\t<\/div>\r\n\t\t\t\t\t\t\t\t\t\t<div class=\"accordion-item mb-3 wow fadeInUp\" data-wow-delay=\".5s\">\r\n\t\t\t\t\t\t<h5 class=\"accordion-header\">\r\n\t\t\t\t\t\t\t<button class=\"accordion-button collapsed\" type=\"button\" data-bs-toggle=\"collapse\" data-bs-target=\"#faq25\" aria-expanded=\"false\" aria-controls=\"faq25\">\r\n\t\t\t\t\t\t\t\t\u00bfEn cu\u00e1nto tiempo me brindan respuesta a mi solicitud?\t\t\t\t\t\t\t<\/button>\r\n\t\t\t\t\t\t<\/h5>\r\n\t\t\t\t\t\t<div id=\"faq25\" class=\"accordion-collapse collapse \" data-bs-parent=\"#accordion\">\r\n\t\t\t\t\t\t\t<div class=\"accordion-body\">\r\n\t\t\t\t\t\t\t\tADCORE como pol\u00edtica de administraci\u00f3n de sus solicitudes tiene un tiempo de respuesta m\u00e1ximo de 15 d\u00edas h\u00e1biles.\t\t\t\t\t\t\t<\/div>\r\n\t\t\t\t\t\t<\/div>\r\n\t\t\t\t\t<\/div>\r\n\t\t\t\t\t\t\t\t\t\t<div class=\"accordion-item mb-3 wow fadeInUp\" data-wow-delay=\".5s\">\r\n\t\t\t\t\t\t<h5 class=\"accordion-header\">\r\n\t\t\t\t\t\t\t<button class=\"accordion-button collapsed\" type=\"button\" data-bs-toggle=\"collapse\" data-bs-target=\"#faq26\" aria-expanded=\"false\" aria-controls=\"faq26\">\r\n\t\t\t\t\t\t\t\t\u00bfQu\u00e9 hago si mi respuesta no ha llegado y ya se cumpli\u00f3 la fecha de entrega?\t\t\t\t\t\t\t<\/button>\r\n\t\t\t\t\t\t<\/h5>\r\n\t\t\t\t\t\t<div id=\"faq26\" class=\"accordion-collapse collapse \" data-bs-parent=\"#accordion\">\r\n\t\t\t\t\t\t\t<div class=\"accordion-body\">\r\n\t\t\t\t\t\t\t\tEn este caso podr\u00eda haberse presentado una eventualidad con la informaci\u00f3n de env\u00edo, lo invitamos a comunicarse a nuestra l\u00ednea de atenci\u00f3n 601 7169 000.\t\t\t\t\t\t\t<\/div>\r\n\t\t\t\t\t\t<\/div>\r\n\t\t\t\t\t<\/div>\r\n\t\t\t\t\t\t\t\t\t<\/div>\r\n\t\t\t<\/div>\r\n\t\t<\/div>\r\n\t<\/div>\r\n\r\n             \r\n\t\t\t\t\t\t<\/div>\n\t\t\t\t<\/div>\n\t\t\t\t<\/div>\n\t\t\t\t\t<\/div>\n\t\t\t\t<\/div>\n\t\t\t\t<\/div>\n\t\t","protected":false},"excerpt":{"rendered":"<p>FAQS Sobre su cr\u00e9dito FAQ&#8217;s Preguntas Frecuentes Sobre su cr\u00e9dito Sobre el sector financiero y educaci\u00f3n crediticia Sobre centrales de informaci\u00f3n Tiene m\u00e1s preguntas? Escr\u00edbanos \u00bfPorque ADCORE me est\u00e1 llamando si yo no he sacado ning\u00fan cr\u00e9dito con ellos? El objetivo principal de ADCORE es ayudar a las personas a encontrar una soluci\u00f3n a las<\/p>\n","protected":false},"author":1,"featured_media":0,"parent":0,"menu_order":0,"comment_status":"closed","ping_status":"closed","template":"elementor_header_footer","meta":{"inline_featured_image":false,"footnotes":""},"class_list":["post-1873","page","type-page","status-publish","hentry"],"aioseo_notices":[],"_hostinger_reach_plugin_has_subscription_block":false,"_hostinger_reach_plugin_is_elementor":false,"_links":{"self":[{"href":"https:\/\/adcore.com.co\/recuperacioncartera\/wp-json\/wp\/v2\/pages\/1873","targetHints":{"allow":["GET"]}}],"collection":[{"href":"https:\/\/adcore.com.co\/recuperacioncartera\/wp-json\/wp\/v2\/pages"}],"about":[{"href":"https:\/\/adcore.com.co\/recuperacioncartera\/wp-json\/wp\/v2\/types\/page"}],"author":[{"embeddable":true,"href":"https:\/\/adcore.com.co\/recuperacioncartera\/wp-json\/wp\/v2\/users\/1"}],"replies":[{"embeddable":true,"href":"https:\/\/adcore.com.co\/recuperacioncartera\/wp-json\/wp\/v2\/comments?post=1873"}],"version-history":[{"count":95,"href":"https:\/\/adcore.com.co\/recuperacioncartera\/wp-json\/wp\/v2\/pages\/1873\/revisions"}],"predecessor-version":[{"id":2375,"href":"https:\/\/adcore.com.co\/recuperacioncartera\/wp-json\/wp\/v2\/pages\/1873\/revisions\/2375"}],"wp:attachment":[{"href":"https:\/\/adcore.com.co\/recuperacioncartera\/wp-json\/wp\/v2\/media?parent=1873"}],"curies":[{"name":"wp","href":"https:\/\/api.w.org\/{rel}","templated":true}]}}