{"id":1821,"date":"2025-10-14T02:20:33","date_gmt":"2025-10-14T02:20:33","guid":{"rendered":"https:\/\/adcore.com.co\/recuperacioncartera\/?page_id=1821"},"modified":"2026-03-20T14:53:56","modified_gmt":"2026-03-20T14:53:56","slug":"contacto-adcore","status":"publish","type":"page","link":"https:\/\/adcore.com.co\/recuperacioncartera\/contacto-adcore\/","title":{"rendered":"Contacto"},"content":{"rendered":"\t\t<div data-elementor-type=\"wp-page\" data-elementor-id=\"1821\" class=\"elementor elementor-1821\">\n\t\t\t\t<div class=\"elementor-element elementor-element-cbceb88 e-flex e-con-boxed e-con e-parent\" data-id=\"cbceb88\" data-element_type=\"container\" data-e-type=\"container\" data-settings=\"{&quot;background_background&quot;:&quot;classic&quot;}\">\n\t\t\t\t\t<div class=\"e-con-inner\">\n\t\t\t\t\t<\/div>\n\t\t\t\t<\/div>\n\t\t<div class=\"elementor-element elementor-element-cd68d72 e-flex e-con-boxed e-con e-parent\" data-id=\"cd68d72\" data-element_type=\"container\" data-e-type=\"container\">\n\t\t\t\t\t<div class=\"e-con-inner\">\n\t\t\t\t<div class=\"elementor-element elementor-element-cf83b85 elementor-widget__width-initial elementor-view-default elementor-position-block-start elementor-mobile-position-block-start elementor-widget elementor-widget-icon-box\" data-id=\"cf83b85\" data-element_type=\"widget\" data-e-type=\"widget\" data-widget_type=\"icon-box.default\">\n\t\t\t\t\t\t\t<div class=\"elementor-icon-box-wrapper\">\n\n\t\t\t\t\t\t<div class=\"elementor-icon-box-icon\">\n\t\t\t\t<a href=\"mailto:info@example.com\" class=\"elementor-icon\" tabindex=\"-1\" aria-label=\"servicioalcliente@adcore.com.co\">\n\t\t\t\t<i aria-hidden=\"true\" class=\" icon-10\"><\/i>\t\t\t\t<\/a>\n\t\t\t<\/div>\n\t\t\t\n\t\t\t\t\t\t<div class=\"elementor-icon-box-content\">\n\n\t\t\t\t\t\t\t\t\t<h3 class=\"elementor-icon-box-title\">\n\t\t\t\t\t\t<a href=\"mailto:info@example.com\" >\n\t\t\t\t\t\t\tservicioalcliente@adcore.com.co\t\t\t\t\t\t<\/a>\n\t\t\t\t\t<\/h3>\n\t\t\t\t\n\t\t\t\t\t\t\t\t\t<p class=\"elementor-icon-box-description\">\n\t\t\t\t\t\tEscr\u00edbanos\t\t\t\t\t<\/p>\n\t\t\t\t\n\t\t\t<\/div>\n\t\t\t\n\t\t<\/div>\n\t\t\t\t\t\t<\/div>\n\t\t\t\t<div class=\"elementor-element elementor-element-69c3cb5 elementor-widget__width-initial elementor-view-default elementor-position-block-start elementor-mobile-position-block-start elementor-widget elementor-widget-icon-box\" data-id=\"69c3cb5\" data-element_type=\"widget\" data-e-type=\"widget\" data-widget_type=\"icon-box.default\">\n\t\t\t\t\t\t\t<div class=\"elementor-icon-box-wrapper\">\n\n\t\t\t\t\t\t<div class=\"elementor-icon-box-icon\">\n\t\t\t\t<a href=\"tel:+208-666-0112\" class=\"elementor-icon\" tabindex=\"-1\" aria-label=\"+57 601 7169000\">\n\t\t\t\t<i aria-hidden=\"true\" class=\" icon-11\"><\/i>\t\t\t\t<\/a>\n\t\t\t<\/div>\n\t\t\t\n\t\t\t\t\t\t<div class=\"elementor-icon-box-content\">\n\n\t\t\t\t\t\t\t\t\t<h3 class=\"elementor-icon-box-title\">\n\t\t\t\t\t\t<a href=\"tel:+208-666-0112\" >\n\t\t\t\t\t\t\t+57 601 7169000\t\t\t\t\t\t<\/a>\n\t\t\t\t\t<\/h3>\n\t\t\t\t\n\t\t\t\t\t\t\t\t\t<p class=\"elementor-icon-box-description\">\n\t\t\t\t\t\tContacte un asesor\t\t\t\t\t<\/p>\n\t\t\t\t\n\t\t\t<\/div>\n\t\t\t\n\t\t<\/div>\n\t\t\t\t\t\t<\/div>\n\t\t\t\t\t<\/div>\n\t\t\t\t<\/div>\n\t\t<div class=\"elementor-element elementor-element-abc4645 e-flex e-con-boxed e-con e-parent\" data-id=\"abc4645\" data-element_type=\"container\" data-e-type=\"container\">\n\t\t\t\t\t<div class=\"e-con-inner\">\n\t\t<div class=\"elementor-element elementor-element-934d3c6 e-con-full e-flex e-con e-child\" data-id=\"934d3c6\" data-element_type=\"container\" data-e-type=\"container\">\n\t\t\t\t<div class=\"elementor-element elementor-element-d96d844 elementor-widget elementor-widget-heading\" data-id=\"d96d844\" data-element_type=\"widget\" data-e-type=\"widget\" data-widget_type=\"heading.default\">\n\t\t\t\t\t<h2 class=\"elementor-heading-title elementor-size-default\">Quiere contactarnos?<\/h2>\t\t\t\t<\/div>\n\t\t\t\t<div class=\"elementor-element elementor-element-6a33929 elementor-widget elementor-widget-heading\" data-id=\"6a33929\" data-element_type=\"widget\" data-e-type=\"widget\" data-widget_type=\"heading.default\">\n\t\t\t\t\t<p class=\"elementor-heading-title elementor-size-default\">Ingrese su informaci\u00f3n de contacto<\/p>\t\t\t\t<\/div>\n\t\t\t\t<div class=\"elementor-element elementor-element-bee9eef elementor-widget elementor-widget-digtek-contact-form-widget\" data-id=\"bee9eef\" data-element_type=\"widget\" data-e-type=\"widget\" data-widget_type=\"digtek-contact-form-widget.default\">\n\t\t\t\t<div class=\"elementor-widget-container\">\n\t\t\t\t\t\r\n\r\n\t\r\n\r\n\t<div class=\"contact-wrapper-2\">\r\n\t\t<div class=\"contact-content ms-0\">\r\n\t\t\t\n<div class=\"wpcf7 no-js\" id=\"wpcf7-f1823-o1\" lang=\"en-US\" dir=\"ltr\" data-wpcf7-id=\"1823\">\n<div class=\"screen-reader-response\"><p role=\"status\" aria-live=\"polite\" aria-atomic=\"true\"><\/p> <ul><\/ul><\/div>\n<form action=\"\/recuperacioncartera\/wp-json\/wp\/v2\/pages\/1821#wpcf7-f1823-o1\" method=\"post\" class=\"wpcf7-form init\" aria-label=\"Contact form\" novalidate=\"novalidate\" data-status=\"init\">\n<fieldset class=\"hidden-fields-container\"><input type=\"hidden\" name=\"_wpcf7\" value=\"1823\" \/><input type=\"hidden\" name=\"_wpcf7_version\" value=\"6.1.3\" \/><input type=\"hidden\" name=\"_wpcf7_locale\" value=\"en_US\" \/><input type=\"hidden\" name=\"_wpcf7_unit_tag\" value=\"wpcf7-f1823-o1\" \/><input type=\"hidden\" name=\"_wpcf7_container_post\" value=\"0\" \/><input type=\"hidden\" name=\"_wpcf7_posted_data_hash\" value=\"\" \/>\n<\/fieldset>\n<div class=\"contact-form-items\">\n\t<div class=\"row\">\n\t\t<div class=\"col-lg-6 wow fadeInUp\" data-wow-delay=\".3s\">\n\t\t\t<div class=\"form-clt\">\n\t\t\t\t<span>Nombre*<\/span>\n\t\t\t\t<span class=\"wpcf7-form-control-wrap\" data-name=\"text-750\"><input size=\"40\" maxlength=\"400\" class=\"wpcf7-form-control wpcf7-text wpcf7-validates-as-required\" aria-required=\"true\" aria-invalid=\"false\" placeholder=\"Su nombre\" value=\"\" type=\"text\" name=\"text-750\" \/><\/span>\n\t\t\t<\/div>\n\t\t<\/div>\n\t\t<div class=\"col-lg-6 wow fadeInUp\" data-wow-delay=\".5s\">\n\t\t\t<div class=\"form-clt\">\n\t\t\t\t<span>Su Email*<\/span>\n\t\t\t\t<span class=\"wpcf7-form-control-wrap\" data-name=\"email-408\"><input size=\"40\" maxlength=\"400\" class=\"wpcf7-form-control wpcf7-email wpcf7-validates-as-required wpcf7-text wpcf7-validates-as-email\" aria-required=\"true\" aria-invalid=\"false\" placeholder=\"Your Email\" value=\"\" type=\"email\" name=\"email-408\" \/><\/span>\n\t\t\t<\/div>\n\t\t<\/div>\n                <div class=\"col-lg-6 wow fadeInUp\" data-wow-delay=\".3s\">\n\t\t\t<div class=\"form-clt\">\n\t\t\t\t<span>Tel\u00e9fono*<\/span>\n                                <span class=\"wpcf7-form-control-wrap\" data-name=\"tel-929\"><input size=\"40\" maxlength=\"400\" class=\"wpcf7-form-control wpcf7-tel wpcf7-validates-as-required wpcf7-text wpcf7-validates-as-tel\" autocomplete=\"tel\" aria-required=\"true\" aria-invalid=\"false\" value=\"\" type=\"tel\" name=\"tel-929\" \/><\/span>\n\t\t\t<\/div>\n\t\t<div class=\"col-lg-12 wow fadeInUp\" data-wow-delay=\".7s\">\n\t\t\t<div class=\"form-clt\">\n\t\t\t\t<span>Mensaje*<\/span>\n\t\t\t\t<span class=\"wpcf7-form-control-wrap\" data-name=\"textarea-795\"><textarea cols=\"40\" rows=\"10\" maxlength=\"2000\" class=\"wpcf7-form-control wpcf7-textarea\" aria-invalid=\"false\" placeholder=\"Escriba su mensaje\" name=\"textarea-795\"><\/textarea><\/span>\n\t\t\t<\/div>\n\t\t<\/div>\n\t\t<div class=\"col-lg-7 wow fadeInUp\" data-wow-delay=\".9s\">\n\t\t\t<button type=\"submit\" class=\"theme-btn\">\n\t\t\t\tEnviar <i class=\"fa-solid fa-arrow-right-long\"><\/i>\n\t\t\t<\/button>\n\t\t<\/div>\n\t<\/div>\n<\/div><div class=\"wpcf7-response-output\" aria-hidden=\"true\"><\/div>\n<\/form>\n<\/div>\n\t\t<\/div>\r\n\t<\/div>\r\n\r\n\r\n\t\r\n\r\n             \r\n\t\t\t\t\t\t<\/div>\n\t\t\t\t<\/div>\n\t\t\t\t<\/div>\n\t\t\t\t\t<\/div>\n\t\t\t\t<\/div>\n\t\t\t\t<\/div>\n\t\t","protected":false},"excerpt":{"rendered":"<p>servicioalcliente@adcore.com.co Escr\u00edbanos +57 601 7169000 Contacte un asesor Quiere contactarnos? Ingrese su informaci\u00f3n de contacto Nombre* Su Email* Tel\u00e9fono* Mensaje* Enviar<\/p>\n","protected":false},"author":1,"featured_media":0,"parent":0,"menu_order":0,"comment_status":"closed","ping_status":"closed","template":"elementor_header_footer","meta":{"inline_featured_image":false,"footnotes":""},"class_list":["post-1821","page","type-page","status-publish","hentry"],"aioseo_notices":[],"_hostinger_reach_plugin_has_subscription_block":false,"_hostinger_reach_plugin_is_elementor":false,"_links":{"self":[{"href":"https:\/\/adcore.com.co\/recuperacioncartera\/wp-json\/wp\/v2\/pages\/1821","targetHints":{"allow":["GET"]}}],"collection":[{"href":"https:\/\/adcore.com.co\/recuperacioncartera\/wp-json\/wp\/v2\/pages"}],"about":[{"href":"https:\/\/adcore.com.co\/recuperacioncartera\/wp-json\/wp\/v2\/types\/page"}],"author":[{"embeddable":true,"href":"https:\/\/adcore.com.co\/recuperacioncartera\/wp-json\/wp\/v2\/users\/1"}],"replies":[{"embeddable":true,"href":"https:\/\/adcore.com.co\/recuperacioncartera\/wp-json\/wp\/v2\/comments?post=1821"}],"version-history":[{"count":20,"href":"https:\/\/adcore.com.co\/recuperacioncartera\/wp-json\/wp\/v2\/pages\/1821\/revisions"}],"predecessor-version":[{"id":2357,"href":"https:\/\/adcore.com.co\/recuperacioncartera\/wp-json\/wp\/v2\/pages\/1821\/revisions\/2357"}],"wp:attachment":[{"href":"https:\/\/adcore.com.co\/recuperacioncartera\/wp-json\/wp\/v2\/media?parent=1821"}],"curies":[{"name":"wp","href":"https:\/\/api.w.org\/{rel}","templated":true}]}}