{"id":1801,"date":"2025-10-14T01:56:24","date_gmt":"2025-10-14T01:56:24","guid":{"rendered":"https:\/\/adcore.com.co\/recuperacioncartera\/?page_id=1801"},"modified":"2026-03-20T14:49:12","modified_gmt":"2026-03-20T14:49:12","slug":"como-realizar-mi-acuerdo-de-pago-con-facilap","status":"publish","type":"page","link":"https:\/\/adcore.com.co\/recuperacioncartera\/como-realizar-mi-acuerdo-de-pago-con-facilap\/","title":{"rendered":"Como realizar mi acuerdo de pago con FacilAP"},"content":{"rendered":"\t\t<div data-elementor-type=\"wp-page\" data-elementor-id=\"1801\" class=\"elementor elementor-1801\">\n\t\t\t\t<div class=\"elementor-element elementor-element-c0b01aa e-flex e-con-boxed e-con e-parent\" data-id=\"c0b01aa\" data-element_type=\"container\" data-e-type=\"container\" data-settings=\"{&quot;background_background&quot;:&quot;classic&quot;}\">\n\t\t\t\t\t<div class=\"e-con-inner\">\n\t\t<div class=\"elementor-element elementor-element-d0eeb39 e-con-full e-flex e-con e-child\" data-id=\"d0eeb39\" data-element_type=\"container\" data-e-type=\"container\">\n\t\t\t\t<div class=\"elementor-element elementor-element-6815a76 elementor-widget elementor-widget-heading\" data-id=\"6815a76\" data-element_type=\"widget\" data-e-type=\"widget\" data-widget_type=\"heading.default\">\n\t\t\t\t\t<h2 class=\"elementor-heading-title elementor-size-default\">C\u00f3mo realizar mi acuerdo de pago<br>\ncon FacilAP<\/h2>\t\t\t\t<\/div>\n\t\t\t\t<\/div>\n\t\t\t\t\t<\/div>\n\t\t\t\t<\/div>\n\t\t<div class=\"elementor-element elementor-element-93479e6 e-flex e-con-boxed e-con e-parent\" data-id=\"93479e6\" data-element_type=\"container\" data-e-type=\"container\" data-settings=\"{&quot;background_background&quot;:&quot;classic&quot;}\">\n\t\t\t\t\t<div class=\"e-con-inner\">\n\t\t<div class=\"elementor-element elementor-element-3fd27ec e-con-full e-flex e-con e-child\" data-id=\"3fd27ec\" data-element_type=\"container\" data-e-type=\"container\">\n\t\t\t\t<div class=\"elementor-element elementor-element-29a0c38 elementor-widget elementor-widget-video\" data-id=\"29a0c38\" data-element_type=\"widget\" data-e-type=\"widget\" data-settings=\"{&quot;youtube_url&quot;:&quot;https:\\\/\\\/www.youtube.com\\\/watch?v=-mjZHk_Et1U&quot;,&quot;video_type&quot;:&quot;youtube&quot;,&quot;controls&quot;:&quot;yes&quot;}\" data-widget_type=\"video.default\">\n\t\t\t\t\t\t\t<div class=\"elementor-wrapper elementor-open-inline\">\n\t\t\t<div class=\"elementor-video\"><\/div>\t\t<\/div>\n\t\t\t\t\t\t<\/div>\n\t\t\t\t<\/div>\n\t\t\t\t\t<\/div>\n\t\t\t\t<\/div>\n\t\t<div class=\"elementor-element elementor-element-52a6795 e-flex e-con-boxed e-con e-parent\" data-id=\"52a6795\" data-element_type=\"container\" data-e-type=\"container\" data-settings=\"{&quot;background_background&quot;:&quot;classic&quot;}\">\n\t\t\t\t\t<div class=\"e-con-inner\">\n\t\t<div class=\"elementor-element elementor-element-bb1569c e-con-full e-flex e-con e-child\" data-id=\"bb1569c\" data-element_type=\"container\" data-e-type=\"container\">\n\t\t\t\t<div class=\"elementor-element elementor-element-8a8014b elementor-widget elementor-widget-text-editor\" data-id=\"8a8014b\" data-element_type=\"widget\" data-e-type=\"widget\" data-widget_type=\"text-editor.default\">\n\t\t\t\t\t\t\t\t\t<div class=\"item_introtext\"><p><strong>FacilAP <\/strong>es el sistema que hemos creado para que nuestros usuarios creen una cuenta privada para hacer el acuerdo de pago que m\u00e1s les convenga, obteniendo excelentes descuentos.<br \/>Para hacer su acuerdo de pago solo debe seguir <samp><\/samp><\/p><h3><strong>4 pasos:<\/strong><\/h3><\/div>\t\t\t\t\t\t\t\t<\/div>\n\t\t\t\t<\/div>\n\t\t\t\t\t<\/div>\n\t\t\t\t<\/div>\n\t\t<div class=\"elementor-element elementor-element-b9df1c0 e-flex e-con-boxed e-con e-parent\" data-id=\"b9df1c0\" data-element_type=\"container\" data-e-type=\"container\" data-settings=\"{&quot;background_background&quot;:&quot;classic&quot;}\">\n\t\t\t\t\t<div class=\"e-con-inner\">\n\t\t<div class=\"elementor-element elementor-element-6e56673 e-con-full e-flex e-con e-child\" data-id=\"6e56673\" data-element_type=\"container\" data-e-type=\"container\">\n\t\t\t\t<div class=\"elementor-element elementor-element-5071215 elementor-widget elementor-widget-text-editor\" data-id=\"5071215\" data-element_type=\"widget\" data-e-type=\"widget\" data-widget_type=\"text-editor.default\">\n\t\t\t\t\t\t\t\t\t<h3>1. Consulte si tiene obligaciones con Adcore:<\/h3><p>La compa\u00f1\u00eda ADCORE SAS, nace el 29 de abril de 2016 y se registra en C\u00e1mara de Comercio uniendo en esta marca los tres conceptos claves de la gesti\u00f3n de la administraci\u00f3n del cobro y recuperaci\u00f3n de cartera<\/p><p><img fetchpriority=\"high\" decoding=\"async\" class=\"aligncenter wp-image-1807 size-full\" src=\"https:\/\/adcore.com.co\/recuperacioncartera\/wp-content\/uploads\/2025\/10\/paso1.jpg\" alt=\"Paso 1\" width=\"900\" height=\"577\" srcset=\"https:\/\/adcore.com.co\/recuperacioncartera\/wp-content\/uploads\/2025\/10\/paso1.jpg 900w, https:\/\/adcore.com.co\/recuperacioncartera\/wp-content\/uploads\/2025\/10\/paso1-300x192.jpg 300w, https:\/\/adcore.com.co\/recuperacioncartera\/wp-content\/uploads\/2025\/10\/paso1-768x492.jpg 768w\" sizes=\"(max-width: 900px) 100vw, 900px\" \/><\/p>\t\t\t\t\t\t\t\t<\/div>\n\t\t\t\t<\/div>\n\t\t\t\t\t<\/div>\n\t\t\t\t<\/div>\n\t\t<div class=\"elementor-element elementor-element-009474e e-flex e-con-boxed e-con e-parent\" data-id=\"009474e\" data-element_type=\"container\" data-e-type=\"container\" data-settings=\"{&quot;background_background&quot;:&quot;classic&quot;}\">\n\t\t\t\t\t<div class=\"e-con-inner\">\n\t\t<div class=\"elementor-element elementor-element-19ec43e e-con-full e-flex e-con e-child\" data-id=\"19ec43e\" data-element_type=\"container\" data-e-type=\"container\">\n\t\t\t\t<div class=\"elementor-element elementor-element-6d26cb7 elementor-widget elementor-widget-text-editor\" data-id=\"6d26cb7\" data-element_type=\"widget\" data-e-type=\"widget\" data-widget_type=\"text-editor.default\">\n\t\t\t\t\t\t\t\t\t<h3>2. Si es uno de nuestros clientes, Haga el registro de su cuenta privada.<\/h3>\n<img decoding=\"async\" class=\"aligncenter wp-image-1807 size-full\" src=\"https:\/\/adcore.com.co\/recuperacioncartera\/wp-content\/uploads\/2025\/10\/paso2.jpg\" alt=\"Paso 1\" width=\"900\" height=\"577\" \/>\t\t\t\t\t\t\t\t<\/div>\n\t\t\t\t<\/div>\n\t\t\t\t\t<\/div>\n\t\t\t\t<\/div>\n\t\t<div class=\"elementor-element elementor-element-28ddd34 e-flex e-con-boxed e-con e-parent\" data-id=\"28ddd34\" data-element_type=\"container\" data-e-type=\"container\" data-settings=\"{&quot;background_background&quot;:&quot;classic&quot;}\">\n\t\t\t\t\t<div class=\"e-con-inner\">\n\t\t<div class=\"elementor-element elementor-element-4f1b1c1 e-con-full e-flex e-con e-child\" data-id=\"4f1b1c1\" data-element_type=\"container\" data-e-type=\"container\">\n\t\t\t\t<div class=\"elementor-element elementor-element-033ad7c elementor-widget elementor-widget-text-editor\" data-id=\"033ad7c\" data-element_type=\"widget\" data-e-type=\"widget\" data-widget_type=\"text-editor.default\">\n\t\t\t\t\t\t\t\t\t<h3>3. Consulte los datos de su obligaci\u00f3n:<\/h3><p>Conozca en detalle el estado de su obligaci\u00f3n y el avance de su proceso de pagos.<\/p><p><img decoding=\"async\" class=\"aligncenter wp-image-1807 size-full\" src=\"https:\/\/adcore.com.co\/recuperacioncartera\/wp-content\/uploads\/2025\/10\/paso3.jpg\" alt=\"Paso 3\" width=\"900\" height=\"577\" \/><\/p>\t\t\t\t\t\t\t\t<\/div>\n\t\t\t\t<\/div>\n\t\t\t\t\t<\/div>\n\t\t\t\t<\/div>\n\t\t<div class=\"elementor-element elementor-element-0e2ae72 e-flex e-con-boxed e-con e-parent\" data-id=\"0e2ae72\" data-element_type=\"container\" data-e-type=\"container\" data-settings=\"{&quot;background_background&quot;:&quot;classic&quot;}\">\n\t\t\t\t\t<div class=\"e-con-inner\">\n\t\t<div class=\"elementor-element elementor-element-7c3b322 e-con-full e-flex e-con e-child\" data-id=\"7c3b322\" data-element_type=\"container\" data-e-type=\"container\">\n\t\t\t\t<div class=\"elementor-element elementor-element-e4037bc elementor-widget elementor-widget-text-editor\" data-id=\"e4037bc\" data-element_type=\"widget\" data-e-type=\"widget\" data-widget_type=\"text-editor.default\">\n\t\t\t\t\t\t\t\t\t<h3>4. Realice su acuerdo de pago:<\/h3><p>\u00a0<\/p><p>Seleccione la opci\u00f3n de pago con el descuento que m\u00e1s le convenga.<\/p><p><img loading=\"lazy\" decoding=\"async\" class=\"aligncenter wp-image-1807 size-full\" src=\"https:\/\/adcore.com.co\/recuperacioncartera\/wp-content\/uploads\/2025\/10\/paso4.jpg\" alt=\"Paso 4\" width=\"900\" height=\"577\" \/><\/p>\t\t\t\t\t\t\t\t<\/div>\n\t\t\t\t<\/div>\n\t\t\t\t\t<\/div>\n\t\t\t\t<\/div>\n\t\t<div class=\"elementor-element elementor-element-ef196cc e-flex e-con-boxed e-con e-parent\" data-id=\"ef196cc\" data-element_type=\"container\" data-e-type=\"container\" data-settings=\"{&quot;background_background&quot;:&quot;classic&quot;}\">\n\t\t\t\t\t<div class=\"e-con-inner\">\n\t\t<div class=\"elementor-element elementor-element-107253d e-con-full e-flex e-con e-child\" data-id=\"107253d\" data-element_type=\"container\" data-e-type=\"container\">\n\t\t\t\t<div class=\"elementor-element elementor-element-f58a688 elementor-widget elementor-widget-image\" data-id=\"f58a688\" data-element_type=\"widget\" data-e-type=\"widget\" data-widget_type=\"image.default\">\n\t\t\t\t\t\t\t\t\t\t\t\t\t\t\t<img loading=\"lazy\" decoding=\"async\" width=\"409\" height=\"174\" src=\"https:\/\/adcore.com.co\/recuperacioncartera\/wp-content\/uploads\/2025\/10\/banner-facilap.png\" class=\"attachment-large size-large wp-image-1814\" alt=\"\" srcset=\"https:\/\/adcore.com.co\/recuperacioncartera\/wp-content\/uploads\/2025\/10\/banner-facilap.png 409w, https:\/\/adcore.com.co\/recuperacioncartera\/wp-content\/uploads\/2025\/10\/banner-facilap-300x128.png 300w\" sizes=\"(max-width: 409px) 100vw, 409px\" \/>\t\t\t\t\t\t\t\t\t\t\t\t\t\t\t<\/div>\n\t\t\t\t<\/div>\n\t\t\t\t\t<\/div>\n\t\t\t\t<\/div>\n\t\t\t\t<\/div>\n\t\t","protected":false},"excerpt":{"rendered":"<p>C\u00f3mo realizar mi acuerdo de pago con FacilAP https:\/\/www.youtube.com\/watch?v=-mjZHk_Et1U FacilAP es el sistema que hemos creado para que nuestros usuarios creen una cuenta privada para hacer el acuerdo de pago que m\u00e1s les convenga, obteniendo excelentes descuentos.Para hacer su acuerdo de pago solo debe seguir 4 pasos: 1. Consulte si tiene obligaciones con Adcore: La<\/p>\n","protected":false},"author":1,"featured_media":0,"parent":0,"menu_order":0,"comment_status":"closed","ping_status":"closed","template":"elementor_header_footer","meta":{"inline_featured_image":false,"footnotes":""},"class_list":["post-1801","page","type-page","status-publish","hentry"],"aioseo_notices":[],"_hostinger_reach_plugin_has_subscription_block":false,"_hostinger_reach_plugin_is_elementor":false,"_links":{"self":[{"href":"https:\/\/adcore.com.co\/recuperacioncartera\/wp-json\/wp\/v2\/pages\/1801","targetHints":{"allow":["GET"]}}],"collection":[{"href":"https:\/\/adcore.com.co\/recuperacioncartera\/wp-json\/wp\/v2\/pages"}],"about":[{"href":"https:\/\/adcore.com.co\/recuperacioncartera\/wp-json\/wp\/v2\/types\/page"}],"author":[{"embeddable":true,"href":"https:\/\/adcore.com.co\/recuperacioncartera\/wp-json\/wp\/v2\/users\/1"}],"replies":[{"embeddable":true,"href":"https:\/\/adcore.com.co\/recuperacioncartera\/wp-json\/wp\/v2\/comments?post=1801"}],"version-history":[{"count":19,"href":"https:\/\/adcore.com.co\/recuperacioncartera\/wp-json\/wp\/v2\/pages\/1801\/revisions"}],"predecessor-version":[{"id":2352,"href":"https:\/\/adcore.com.co\/recuperacioncartera\/wp-json\/wp\/v2\/pages\/1801\/revisions\/2352"}],"wp:attachment":[{"href":"https:\/\/adcore.com.co\/recuperacioncartera\/wp-json\/wp\/v2\/media?parent=1801"}],"curies":[{"name":"wp","href":"https:\/\/api.w.org\/{rel}","templated":true}]}}