{"id":1740,"date":"2025-10-10T23:20:52","date_gmt":"2025-10-10T23:20:52","guid":{"rendered":"https:\/\/adcore.com.co\/recuperacioncartera\/?page_id=1740"},"modified":"2026-03-20T14:18:46","modified_gmt":"2026-03-20T14:18:46","slug":"beneficios-adcore","status":"publish","type":"page","link":"https:\/\/adcore.com.co\/recuperacioncartera\/beneficios-adcore\/","title":{"rendered":"Beneficios Adcore"},"content":{"rendered":"\t\t<div data-elementor-type=\"wp-page\" data-elementor-id=\"1740\" class=\"elementor elementor-1740\">\n\t\t\t\t<div class=\"elementor-element elementor-element-c0b01aa e-con-full e-flex e-con e-parent\" data-id=\"c0b01aa\" data-element_type=\"container\" data-e-type=\"container\" data-settings=\"{&quot;background_background&quot;:&quot;classic&quot;}\">\n\t\t<div class=\"elementor-element elementor-element-d0eeb39 e-con-full e-flex e-con e-child\" data-id=\"d0eeb39\" data-element_type=\"container\" data-e-type=\"container\">\n\t\t\t\t<div class=\"elementor-element elementor-element-8d6f8c2 elementor-widget elementor-widget-digtek-heading-title-widget\" data-id=\"8d6f8c2\" data-element_type=\"widget\" data-e-type=\"widget\" data-widget_type=\"digtek-heading-title-widget.default\">\n\t\t\t\t<div class=\"elementor-widget-container\">\n\t\t\t\t\t\r\n\t\r\n\r\n<div class=\"section-title-area\">\r\n\t<div class=\"section-title\">\r\n\t\t\t\t\t\t<h2 class=\"wow fadeInUp\" data-wow-delay=\".3s\">\r\n\t\t\tBeneficios Adcore \t\t<\/h2>\r\n\t\t\t<\/div>\r\n\t<\/div>\r\n\r\n\t\r\n\r\n             \r\n\t\t\t\t\t\t<\/div>\n\t\t\t\t<\/div>\n\t\t\t\t<\/div>\n\t\t\t\t<\/div>\n\t\t<div class=\"elementor-element elementor-element-93479e6 e-con-full e-flex e-con e-parent\" data-id=\"93479e6\" data-element_type=\"container\" data-e-type=\"container\" data-settings=\"{&quot;background_background&quot;:&quot;classic&quot;}\">\n\t\t<div class=\"elementor-element elementor-element-3fd27ec e-con-full e-flex e-con e-child\" data-id=\"3fd27ec\" data-element_type=\"container\" data-e-type=\"container\">\n\t\t\t\t<div class=\"elementor-element elementor-element-f71b07f elementor-widget elementor-widget-image\" data-id=\"f71b07f\" data-element_type=\"widget\" data-e-type=\"widget\" data-widget_type=\"image.default\">\n\t\t\t\t\t\t\t\t\t\t\t\t\t\t\t<img fetchpriority=\"high\" decoding=\"async\" width=\"1067\" height=\"574\" src=\"https:\/\/adcore.com.co\/recuperacioncartera\/wp-content\/uploads\/2025\/10\/clientes-beneficios-adcore_01.png\" class=\"attachment-full size-full wp-image-1742\" alt=\"Beneficios Adcore\" srcset=\"https:\/\/adcore.com.co\/recuperacioncartera\/wp-content\/uploads\/2025\/10\/clientes-beneficios-adcore_01.png 1067w, https:\/\/adcore.com.co\/recuperacioncartera\/wp-content\/uploads\/2025\/10\/clientes-beneficios-adcore_01-300x161.png 300w, https:\/\/adcore.com.co\/recuperacioncartera\/wp-content\/uploads\/2025\/10\/clientes-beneficios-adcore_01-1024x551.png 1024w, https:\/\/adcore.com.co\/recuperacioncartera\/wp-content\/uploads\/2025\/10\/clientes-beneficios-adcore_01-768x413.png 768w\" sizes=\"(max-width: 1067px) 100vw, 1067px\" \/>\t\t\t\t\t\t\t\t\t\t\t\t\t\t\t<\/div>\n\t\t\t\t<\/div>\n\t\t<div class=\"elementor-element elementor-element-4f5afd9 e-con-full e-flex e-con e-child\" data-id=\"4f5afd9\" data-element_type=\"container\" data-e-type=\"container\" data-settings=\"{&quot;background_background&quot;:&quot;classic&quot;}\">\n\t\t\t\t<div class=\"elementor-element elementor-element-cc0fb09 elementor-widget elementor-widget-image\" data-id=\"cc0fb09\" data-element_type=\"widget\" data-e-type=\"widget\" data-widget_type=\"image.default\">\n\t\t\t\t\t\t\t\t\t\t\t\t\t\t\t<img decoding=\"async\" width=\"280\" height=\"130\" src=\"https:\/\/adcore.com.co\/recuperacioncartera\/wp-content\/uploads\/2025\/10\/clientes-beneficios-adcore_02.jpg\" class=\"attachment-large size-large wp-image-1978\" alt=\"A un solo paso\" \/>\t\t\t\t\t\t\t\t\t\t\t\t\t\t\t<\/div>\n\t\t\t\t<div class=\"elementor-element elementor-element-c4a29bf elementor-widget elementor-widget-image\" data-id=\"c4a29bf\" data-element_type=\"widget\" data-e-type=\"widget\" data-widget_type=\"image.default\">\n\t\t\t\t\t\t\t\t\t\t\t\t\t\t\t<img decoding=\"async\" width=\"280\" height=\"98\" src=\"https:\/\/adcore.com.co\/recuperacioncartera\/wp-content\/uploads\/2025\/10\/clientes-beneficios-adcore_03.jpg\" class=\"attachment-large size-large wp-image-1979\" alt=\"L\u00ednea amiga\" \/>\t\t\t\t\t\t\t\t\t\t\t\t\t\t\t<\/div>\n\t\t\t\t<div class=\"elementor-element elementor-element-d1e7384 elementor-widget elementor-widget-image\" data-id=\"d1e7384\" data-element_type=\"widget\" data-e-type=\"widget\" data-widget_type=\"image.default\">\n\t\t\t\t\t\t\t\t\t\t\t\t\t\t\t<img loading=\"lazy\" decoding=\"async\" width=\"280\" height=\"88\" src=\"https:\/\/adcore.com.co\/recuperacioncartera\/wp-content\/uploads\/2025\/10\/clientes-beneficios-adcore_05.jpg\" class=\"attachment-large size-large wp-image-1981\" alt=\"Ingresa a FacilAP\" \/>\t\t\t\t\t\t\t\t\t\t\t\t\t\t\t<\/div>\n\t\t\t\t<div class=\"elementor-element elementor-element-5265af9 elementor-widget elementor-widget-image\" data-id=\"5265af9\" data-element_type=\"widget\" data-e-type=\"widget\" data-widget_type=\"image.default\">\n\t\t\t\t\t\t\t\t\t\t\t\t\t\t\t<img loading=\"lazy\" decoding=\"async\" width=\"283\" height=\"161\" src=\"https:\/\/adcore.com.co\/recuperacioncartera\/wp-content\/uploads\/2025\/10\/clientes-beneficios-adcore_06.jpg\" class=\"attachment-large size-large wp-image-1977\" alt=\"En nuestro chat\" \/>\t\t\t\t\t\t\t\t\t\t\t\t\t\t\t<\/div>\n\t\t\t\t<\/div>\n\t\t\t\t<\/div>\n\t\t<div class=\"elementor-element elementor-element-b88ba17 e-flex e-con-boxed e-con e-parent\" data-id=\"b88ba17\" data-element_type=\"container\" data-e-type=\"container\" data-settings=\"{&quot;background_background&quot;:&quot;classic&quot;}\">\n\t\t\t\t\t<div class=\"e-con-inner\">\n\t\t<div class=\"elementor-element elementor-element-0f636b8 e-con-full e-flex e-con e-child\" data-id=\"0f636b8\" data-element_type=\"container\" data-e-type=\"container\">\n\t\t\t\t<div class=\"elementor-element elementor-element-018fc40 elementor-widget elementor-widget-text-editor\" data-id=\"018fc40\" data-element_type=\"widget\" data-e-type=\"widget\" data-widget_type=\"text-editor.default\">\n\t\t\t\t\t\t\t\t\t<h4 class=\"item_title item_title__ visible-first\"><strong><span class=\"item_title_part0 item_title_part_odd item_title_part_first_half item_title_part_first\">Para<\/span>\u00a0<span class=\"item_title_part1 item_title_part_even item_title_part_first_half\">el<\/span>\u00a0<span class=\"item_title_part2 item_title_part_odd item_title_part_first_half\">cliente<\/span>\u00a0<span class=\"item_title_part3 item_title_part_even item_title_part_second_half\">o<\/span>\u00a0<span class=\"item_title_part4 item_title_part_odd item_title_part_second_half\">deudor:<\/span><\/strong><\/h4><p>\u00a0<\/p><div class=\"item_introtext\"><p>&#8211; Contacto telef\u00f3nico o personal cumpliendo con protocolos de contacto respetuosos.<\/p><p>&#8211; Apertura a la negociaci\u00f3n, procurando acuerdos que respondan a las necesidades particulares de cada cliente o deudor.<\/p><p>&#8211; Amplia red de recaudos: Utilizando cuentas referenciadas para pagos en cheque de entidades de amplia cobertura como el\u00a0<img decoding=\"async\" src=\"https:\/\/adcore.com.co\/recuperacioncartera\/wp-content\/uploads\/2025\/10\/banco-de-bogota.jpg\" alt=\"Banco de Bogot\u00e1\" \/>\u00a0Banco de Bogot\u00e1\u00a0y para pago en efectivo en los 7000 puntos de\u00a0<img decoding=\"async\" src=\"https:\/\/adcore.com.co\/recuperacioncartera\/wp-content\/uploads\/2025\/10\/efecty.jpg\" alt=\"Efecty\" \/>\u00a0Efecty en todo el pa\u00eds. (convenio 110909-unicamente mencionando su cedula).<br \/><a href=\"https:\/\/adcore.com.co\/index.php\/nosotros\/medios-de-pago\">Ver toda la red de recaudos.<\/a><\/p><p>&#8211; Asesor\u00eda para lograr soluciones de largo plazo<\/p><\/div>\t\t\t\t\t\t\t\t<\/div>\n\t\t\t\t<\/div>\n\t\t<div class=\"elementor-element elementor-element-35e8052 e-con-full e-flex e-con e-child\" data-id=\"35e8052\" data-element_type=\"container\" data-e-type=\"container\">\n\t\t\t\t<div class=\"elementor-element elementor-element-c8b8e22 elementor-widget elementor-widget-text-editor\" data-id=\"c8b8e22\" data-element_type=\"widget\" data-e-type=\"widget\" data-widget_type=\"text-editor.default\">\n\t\t\t\t\t\t\t\t\t<h4 class=\"item_title item_title__ visible-first visible\"><strong><span class=\"item_title_part0 item_title_part_odd item_title_part_first_half item_title_part_first\">Para<\/span>\u00a0<span class=\"item_title_part1 item_title_part_even item_title_part_first_half\">el<\/span>\u00a0<span class=\"item_title_part2 item_title_part_odd item_title_part_first_half\">due\u00f1o<\/span>\u00a0<span class=\"item_title_part3 item_title_part_even item_title_part_second_half\">de<\/span>\u00a0<span class=\"item_title_part4 item_title_part_odd item_title_part_second_half\">la<\/span>\u00a0<span class=\"item_title_part5 item_title_part_even item_title_part_second_half\">cartera:<\/span><\/strong><\/h4><p>\u00a0<\/p><div class=\"item_introtext\"><p><span lang=\"EN-US\"><span lang=\"EN-US\">&#8211; Experiencia y conocimiento de los diferentes portafolios de cartera, enfatizando en cartera hipotecaria, libranza, tarjetas de cr\u00e9dito y PYMES.<\/span><\/span><\/p><p><span lang=\"EN-US\"><span lang=\"EN-US\">&#8211; Segmentaci\u00f3n estrat\u00e9gica, para organizar el cobro de acuerdo con las caracter\u00edsticas propias de cada cartera.<\/span><\/span><\/p><p><span lang=\"EN-US\"><span lang=\"EN-US\">&#8211; Asignaci\u00f3n de la cartera a ejecutivos motivados, especializados por producto y con vinculaci\u00f3n laboral directa con la compa\u00f1\u00eda.<\/span><\/span><\/p><p><span lang=\"EN-US\"><span lang=\"EN-US\">&#8211; Esquemas alternos de normalizaci\u00f3n acordes a la raz\u00f3n de mora.<\/span><\/span><\/p><p><span lang=\"EN-US\"><span lang=\"EN-US\">&#8211; Seguimiento y monitoreo de la gesti\u00f3n con indicadores claves de desempe\u00f1o.<\/span><\/span><\/p><p><span lang=\"EN-US\">&#8211; Infraestructura f\u00edsica y t\u00e9cnica apropiada<\/span><\/p><\/div>\t\t\t\t\t\t\t\t<\/div>\n\t\t\t\t<\/div>\n\t\t<div class=\"elementor-element elementor-element-832bfd8 e-con-full e-flex e-con e-child\" data-id=\"832bfd8\" data-element_type=\"container\" data-e-type=\"container\" data-settings=\"{&quot;background_background&quot;:&quot;classic&quot;}\">\n\t\t<div class=\"elementor-element elementor-element-b0fea15 e-con-full e-flex e-con e-child\" data-id=\"b0fea15\" data-element_type=\"container\" data-e-type=\"container\">\n\t\t\t\t<div class=\"elementor-element elementor-element-695e6d6 elementor-widget elementor-widget-digtek-heading-title-widget\" data-id=\"695e6d6\" data-element_type=\"widget\" data-e-type=\"widget\" data-widget_type=\"digtek-heading-title-widget.default\">\n\t\t\t\t<div class=\"elementor-widget-container\">\n\t\t\t\t\t\r\n\t\r\n\r\n\t<div class=\"section-title\">\r\n\t\t\t\t\t\t<h2 class=\"wow fadeInUp\" data-wow-delay=\".3s\">\r\n\t\t\tA UN S\u00d3LO PASO\t\t<\/h2>\r\n\t\t\t<\/div>\r\n\r\n\t\r\n\r\n             \r\n\t\t\t\t\t\t<\/div>\n\t\t\t\t<\/div>\n\t\t\t\t<\/div>\n\t\t<div class=\"elementor-element elementor-element-5de13ce e-con-full e-flex e-con e-child\" data-id=\"5de13ce\" data-element_type=\"container\" data-e-type=\"container\">\n\t\t<div class=\"elementor-element elementor-element-c924d88 e-grid e-con-full e-con e-child\" data-id=\"c924d88\" data-element_type=\"container\" data-e-type=\"container\">\n\t\t\t\t<div class=\"elementor-element elementor-element-e380484 elementor-widget elementor-widget-image\" data-id=\"e380484\" data-element_type=\"widget\" data-e-type=\"widget\" data-widget_type=\"image.default\">\n\t\t\t\t\t\t\t\t\t\t\t\t\t\t\t<img loading=\"lazy\" decoding=\"async\" width=\"234\" height=\"300\" src=\"https:\/\/adcore.com.co\/recuperacioncartera\/wp-content\/uploads\/2025\/10\/boton-asesor-whatsapp-2-234x300.png\" class=\"attachment-medium size-medium wp-image-1566\" alt=\"\" srcset=\"https:\/\/adcore.com.co\/recuperacioncartera\/wp-content\/uploads\/2025\/10\/boton-asesor-whatsapp-2-234x300.png 234w, https:\/\/adcore.com.co\/recuperacioncartera\/wp-content\/uploads\/2025\/10\/boton-asesor-whatsapp-2.png 267w\" sizes=\"(max-width: 234px) 100vw, 234px\" \/>\t\t\t\t\t\t\t\t\t\t\t\t\t\t\t<\/div>\n\t\t\t\t<div class=\"elementor-element elementor-element-d0616ff elementor-widget__width-auto elementor-widget elementor-widget-image\" data-id=\"d0616ff\" data-element_type=\"widget\" data-e-type=\"widget\" data-widget_type=\"image.default\">\n\t\t\t\t\t\t\t\t\t\t\t\t\t\t\t<img loading=\"lazy\" decoding=\"async\" width=\"234\" height=\"300\" src=\"https:\/\/adcore.com.co\/recuperacioncartera\/wp-content\/uploads\/2025\/10\/boton-asesor-facilap-3-234x300.png\" class=\"attachment-medium size-medium wp-image-1565\" alt=\"Facil Acuerdo de Pago FACILAP\" srcset=\"https:\/\/adcore.com.co\/recuperacioncartera\/wp-content\/uploads\/2025\/10\/boton-asesor-facilap-3-234x300.png 234w, https:\/\/adcore.com.co\/recuperacioncartera\/wp-content\/uploads\/2025\/10\/boton-asesor-facilap-3.png 267w\" sizes=\"(max-width: 234px) 100vw, 234px\" \/>\t\t\t\t\t\t\t\t\t\t\t\t\t\t\t<\/div>\n\t\t\t\t<div class=\"elementor-element elementor-element-aa49e92 elementor-widget elementor-widget-image\" data-id=\"aa49e92\" data-element_type=\"widget\" data-e-type=\"widget\" data-widget_type=\"image.default\">\n\t\t\t\t\t\t\t\t\t\t\t\t\t\t\t<img loading=\"lazy\" decoding=\"async\" width=\"234\" height=\"300\" src=\"https:\/\/adcore.com.co\/recuperacioncartera\/wp-content\/uploads\/2025\/10\/boton-asesor-chat-4-234x300.png\" class=\"attachment-medium size-medium wp-image-1564\" alt=\"Escribenos por chat\" srcset=\"https:\/\/adcore.com.co\/recuperacioncartera\/wp-content\/uploads\/2025\/10\/boton-asesor-chat-4-234x300.png 234w, https:\/\/adcore.com.co\/recuperacioncartera\/wp-content\/uploads\/2025\/10\/boton-asesor-chat-4.png 267w\" sizes=\"(max-width: 234px) 100vw, 234px\" \/>\t\t\t\t\t\t\t\t\t\t\t\t\t\t\t<\/div>\n\t\t\t\t<\/div>\n\t\t\t\t<\/div>\n\t\t\t\t<\/div>\n\t\t\t\t\t<\/div>\n\t\t\t\t<\/div>\n\t\t\t\t<\/div>\n\t\t","protected":false},"excerpt":{"rendered":"<p>Beneficios Adcore Para\u00a0el\u00a0cliente\u00a0o\u00a0deudor: \u00a0 &#8211; Contacto telef\u00f3nico o personal cumpliendo con protocolos de contacto respetuosos. &#8211; Apertura a la negociaci\u00f3n, procurando acuerdos que respondan a las necesidades particulares de cada cliente o deudor. &#8211; Amplia red de recaudos: Utilizando cuentas referenciadas para pagos en cheque de entidades de amplia cobertura como el\u00a0\u00a0Banco de Bogot\u00e1\u00a0y para<\/p>\n","protected":false},"author":1,"featured_media":0,"parent":0,"menu_order":0,"comment_status":"closed","ping_status":"closed","template":"elementor_header_footer","meta":{"inline_featured_image":false,"footnotes":""},"class_list":["post-1740","page","type-page","status-publish","hentry"],"aioseo_notices":[],"_hostinger_reach_plugin_has_subscription_block":false,"_hostinger_reach_plugin_is_elementor":false,"_links":{"self":[{"href":"https:\/\/adcore.com.co\/recuperacioncartera\/wp-json\/wp\/v2\/pages\/1740","targetHints":{"allow":["GET"]}}],"collection":[{"href":"https:\/\/adcore.com.co\/recuperacioncartera\/wp-json\/wp\/v2\/pages"}],"about":[{"href":"https:\/\/adcore.com.co\/recuperacioncartera\/wp-json\/wp\/v2\/types\/page"}],"author":[{"embeddable":true,"href":"https:\/\/adcore.com.co\/recuperacioncartera\/wp-json\/wp\/v2\/users\/1"}],"replies":[{"embeddable":true,"href":"https:\/\/adcore.com.co\/recuperacioncartera\/wp-json\/wp\/v2\/comments?post=1740"}],"version-history":[{"count":74,"href":"https:\/\/adcore.com.co\/recuperacioncartera\/wp-json\/wp\/v2\/pages\/1740\/revisions"}],"predecessor-version":[{"id":2346,"href":"https:\/\/adcore.com.co\/recuperacioncartera\/wp-json\/wp\/v2\/pages\/1740\/revisions\/2346"}],"wp:attachment":[{"href":"https:\/\/adcore.com.co\/recuperacioncartera\/wp-json\/wp\/v2\/media?parent=1740"}],"curies":[{"name":"wp","href":"https:\/\/api.w.org\/{rel}","templated":true}]}}